{"id":7542,"date":"2018-09-10T09:00:47","date_gmt":"2018-09-10T09:00:47","guid":{"rendered":"https:\/\/monticola.me\/about-us\/"},"modified":"2020-10-28T10:39:49","modified_gmt":"2020-10-28T09:39:49","slug":"about-us","status":"publish","type":"page","link":"https:\/\/monticola.me\/me\/about-us\/","title":{"rendered":"O nama"},"content":{"rendered":"<p>[vc_row content_placement=&#8221;top&#8221; row_content_width=&#8221;grid&#8221;][vc_column offset=&#8221;vc_col-lg-offset-0 vc_col-lg-7 vc_col-md-offset-0 vc_col-md-10 vc_col-sm-offset-0&#8243;]<div class=\"qodef-elements-holder   qodef-one-column  qodef-responsive-mode-768 \" ><div class=\"qodef-eh-item    \"  data-item-class=\"qodef-eh-custom-2480\" data-1367-1600=\"155px 0px 170px\" data-1025-1366=\"155px 0px 170px\" data-769-1024=\"155px 0px 80px\" data-681-768=\"155px 0px 80px\" data-680=\"161px 0px 80px\">\n\t<div class=\"qodef-eh-item-inner\">\n\t\t<div class=\"qodef-eh-item-content qodef-eh-custom-2480\" style=\"padding: 155px 0 170px 0\">\n\t\t\t<div class=\"qodef-section-title-holder \" >\n\t<div class=\"qodef-st-inner\">\n\t\t\t\t\t\t\t<h2 class=\"qodef-st-title\" >\n\t\t\t\tZa\u0161to putovati s Monticolom?\t\t\t<\/h2>\n\t\t\t\t\t\t\t<p class=\"qodef-st-text\" style=\"font-size: 17px;line-height: 28px;margin-top: 15px\">\n\t\t\t\tMonticola d.o.o. se bavi organizacijom bird-watching tura u Crnoj Gori i okolnim zemljama.\t\t\t<\/p>\n\t\t\t<\/div>\n<\/div>[vc_empty_space height=&#8221;13px&#8221;][vc_column_text]Nudimo posebno organizovane, visokokvalitetne pti\u010darske ture i razli\u010dite vrste ekoturisti\u010dkih aktivnosti u Crnoj Gori i zemljama u okru\u017eenju, vo\u0111ene od strane iskusnih vodi\u010da, strastvenih ljubitelja prirode. Sura\u0111ujemo s lokalnim turisti\u010dkim privrednicima, sve sa ciljem da Vam pru\u017eimo autenti\u010dno iskustvo uz podr\u0161ku lokalnoj ekonomiji. Vjerujemo da turizam prihvatljiv za \u017eivotnu sredinu mo\u017ee pomo\u0107i u pobolj\u0161anju \u017eivota lokalnih zajednica, kao i podi\u0107i svijest o va\u017enosti o\u010duvanja prirode.<\/p>\n<p>Monticola doo je u vlasni\u0161tvu CZIP-a (BirdLife u Crnoj Gori), \u0161to zna\u010di da se cjelokupni profit kompanije sliva u za\u0161titu ptica i prirode. Ovaj model omogu\u0107ava razvoj jakih lokalnih operatera ekoturizma i mehanizam za prikupljanje sredstava za BirdLife partnere. U\u010destvuju\u0107i u turama koje organizujemo, podr\u017eavate aktivnosti o\u010duvanja \u017eivotne sredine koje sprovodi CZIP.<\/p>\n<p>Monticola doo posluje pod licencom br. 594, koju je izdalo Ministarstvo odr\u017eivog razvoja i turizma Crne Gore.<\/p>\n<p>&nbsp;<\/p>\n<h3><strong>CZIP<\/strong><\/h3>\n<p>Centar za za\u0161titu i prou\u010davanje ptica (CZIP) je nevladina organizacija, koju je 2000. godine osnovala grupa strastvenih ornitologa iz Republi\u010dkog zavoda za za\u0161titu prirode, Prirodnja\u010dkog muzeja, JP Nacionalni parkovi i studenata Prirodno-matemati\u010dkog fakulteta iz Podgorice.<\/p>\n<p>Misija CZIP-a je za\u0161tita ptica i drugih \u017eivotinjskih i biljnih vrsta, njihovih stani\u0161ta, sprovo\u0111enje monitoringa biodiverziteta Crne Gore, edukacija gra\u0111ana, popularizacija i promocija nau\u010dnih istra\u017eivanja, kao i saradnja sa drugim organizacijama, koje se bave za\u0161titom prirode. Krajnji cilj nam je posti\u0107i harmoniju izme\u0111u ljudi i prirode, kao i razvoj zasnovan na principima odr\u017eivog kori\u0161tenja resursa.<\/p>\n<p>Tokom godina uspje\u0161no smo implementirali veliki broj projekata vezanih za \u017eivotnu sredinu, a za to smo 2013. godine dobili i Green Star, nagradu za javni anga\u017eman i zavr\u0161ene projekte koju dodjeljuje Agencija za za\u0161titu \u017eivotne sredine, Arhus centar Crne Gore i Organizacija za Bezbjednost i saradnju &#8211; OEBS.<\/p>\n<p>CZIP je \u010dlan nekoliko mre\u017ea nevladinih organizacija i potpisnici smo Memoranduma o saradnji sa Agencijom za za\u0161titu \u017eivotne sredine, Ministarstvom turizma i odr\u017eivog razvoja, Solanom &#8220;Bajo Sekuli\u0107&#8221; Ulcinj, TO Ulcinj, Kancelarijom za odr\u017eivi razvoj, Op\u0161tinom Plu\u017eine i Op\u0161tinom Tivat. CZIP je tako\u0111e ponosan \u010dlan IUCN-a i BirdLife International.[\/vc_column_text][vc_empty_space]\t\t<\/div>\n\t<\/div>\n<\/div><\/div>[\/vc_column][vc_column offset=&#8221;vc_col-lg-offset-0 vc_col-lg-5 vc_col-md-offset-0 vc_col-md-10 vc_col-sm-offset-0 vc_col-xs-12&#8243;]<div class=\"qodef-elements-holder   qodef-one-column  qodef-responsive-mode-768 \" ><div class=\"qodef-eh-item    \"  data-item-class=\"qodef-eh-custom-1455\" data-1367-1600=\"125px 0px 0 104px\" data-1025-1366=\"125px 0px 0 23px\" data-769-1024=\"0px 0px 170px 0px\" data-681-768=\"0px 0px 170px 0px\" data-680=\"0px 0px 170px 0px\">\n\t<div class=\"qodef-eh-item-inner\">\n\t\t<div class=\"qodef-eh-item-content qodef-eh-custom-1455\" style=\"padding: 125px 0px 0 40px\">\n\t\t\t[vc_single_image image=&#8221;6919&#8243; img_size=&#8221;full&#8221;]\t\t<\/div>\n\t<\/div>\n<\/div><\/div>[\/vc_column][\/vc_row][vc_row content_text_aligment=&#8221;center&#8221; css=&#8221;.vc_custom_1539260876012{padding-bottom: 126px !important;}&#8221;][vc_column]<div class=\"qodef-video-button-holder  qodef-vb-has-img \">\n\t<div class=\"qodef-video-button-image\">\n\t\t<img loading=\"lazy\" decoding=\"async\" width=\"1920\" height=\"605\" src=\"https:\/\/monticola.me\/wp-content\/uploads\/2020\/05\/pti\u010dica.jpg\" class=\"attachment-full size-full\" alt=\"\" srcset=\"https:\/\/monticola.me\/wp-content\/uploads\/2020\/05\/pti\u010dica.jpg 1920w, https:\/\/monticola.me\/wp-content\/uploads\/2020\/05\/pti\u010dica-600x189.jpg 600w, https:\/\/monticola.me\/wp-content\/uploads\/2020\/05\/pti\u010dica-300x95.jpg 300w, https:\/\/monticola.me\/wp-content\/uploads\/2020\/05\/pti\u010dica-1024x323.jpg 1024w, https:\/\/monticola.me\/wp-content\/uploads\/2020\/05\/pti\u010dica-768x242.jpg 768w, https:\/\/monticola.me\/wp-content\/uploads\/2020\/05\/pti\u010dica-1536x484.jpg 1536w\" sizes=\"auto, (max-width: 1920px) 100vw, 1920px\" \/>\t<\/div>\n\t\t\t<a class=\"qodef-video-button-play-image \" href=\"https:\/\/www.youtube.com\/watch?v=uJeP6zkeoq8\" data-rel=\"prettyPhoto[video_button_pretty_photo_855]\">\n\t\t\t<span class=\"qodef-video-button-play-inner\">\n\t\t\t\t<img loading=\"lazy\" decoding=\"async\" width=\"69\" height=\"69\" src=\"https:\/\/monticola.me\/wp-content\/uploads\/2018\/09\/play-button.png\" class=\"attachment-full size-full\" alt=\"d\" \/>\t\t\t\t\t\t\t<\/span>\n\t\t<\/a>\n\t<\/div>[\/vc_column][\/vc_row][vc_row row_content_width=&#8221;grid&#8221; css=&#8221;.vc_custom_1539172735011{padding-bottom: 124px !important;}&#8221;][vc_column]<div class=\"qodef-testimonials-holder clearfix \">\n\t<div class=\"qodef-testimonials qodef-owl-slider\" data-number-of-items=\"1\" data-enable-loop=\"yes\" data-enable-autoplay=\"yes\" data-slider-speed=\"5000\" data-slider-speed-animation=\"600\" data-enable-navigation=\"yes\" data-enable-pagination=\"no\">\n\t\t\t\t\t\t<div class=\"qodef-testimonial-content\">\n\t\t\t\t\t\t\t\t\t\t\t\t\t\t\t\t<span class=\"qodef-testimonial-text\">Dobri i prijateljski nastrojeni vodi\u010di. Vo\u017enja brodom na Skadarskom jezeru, hotel Venezia, posjeta farmi magaraca.<\/span>\n\t\t\t\t\t\t\t\t\t\t\t\t\t\t\t\t<span class=\"qodef-testimonial-author\">Ryh\u00e4nen<\/span>\n\t\t\t\t\t\t\t\t\t<\/div>\n\t\t\t\t\t\t\t<div class=\"qodef-testimonial-content\">\n\t\t\t\t\t\t\t\t\t\t\t\t\t\t\t\t<span class=\"qodef-testimonial-text\">Na\u017ealost, bilo je veoma ki\u0161ovito tokom na\u0161e ture. Plan ture je bio jako dobro napravljen, osim prirode vidjeli smo i veoma zanimljiva mjesta va\u017ena za kulturu. Vodi\u010di su cijelo vrijeme bili pozitivni i aktivni. Hvala svima!!!<\/span>\n\t\t\t\t\t\t\t\t\t\t\t\t\t\t\t\t<span class=\"qodef-testimonial-author\">Riitta<\/span>\n\t\t\t\t\t\t\t\t\t<\/div>\n\t\t\t\t\t\t\t<div class=\"qodef-testimonial-content\">\n\t\t\t\t\t\t\t\t\t\t\t\t\t\t\t\t<span class=\"qodef-testimonial-text\">Bilo je jako zanimljivo i informativno. Djeca su bila odu\u0161evljena. Svi smo se jako lijepo zabavili. <\/span>\n\t\t\t\t\t\t\t\t\t\t\t\t\t\t\t\t<span class=\"qodef-testimonial-author\">Anatoly<\/span>\n\t\t\t\t\t\t\t\t\t<\/div>\n\t\t\t\t<\/div>\n<\/div>[\/vc_column][\/vc_row][vc_row simple_background_color=&#8221;#305968&#8243; css=&#8221;.vc_custom_1588863507259{padding-top: 40px !important;padding-bottom: 40px !important;}&#8221;][vc_column]<div class=\"qodef-call-to-action-holder  qodef-normal-layout qodef-content-in-grid qodef-three-quarters-columns\">\n\t<div class=\"qodef-cta-inner qodef-grid\">\n\t\t<div class=\"qodef-cta-text-holder\">\n\t\t\t<div class=\"qodef-cta-text\">\n<h4 style=\"color: #fff;\">\u017delite da saznate vi\u0161e?<\/h4>\n<\/div>\n\t\t<\/div>\n\t\t<div class=\"qodef-cta-button-holder\" >\n\t\t\t<div class=\"qodef-cta-button\"><a itemprop=\"url\" href=\"\/contact-us\/?lang=me\" target=\"_self\" style=\"color: #222222;background-color: #ffffff\" class=\"qodef-btn qodef-btn-large qodef-btn-solid qodef-btn-custom-hover-bg qodef-btn-custom-hover-color\" data-hover-color=\"#ffffff\" data-hover-bg-color=\"#23a9af\" >    <span class=\"qodef-btn-text\">Kontaktirajte nas<\/span>    <\/a><\/div>\n\t\t<\/div>\n\t<\/div>\n<\/div>[\/vc_column][\/vc_row]<\/p>\n","protected":false},"excerpt":{"rendered":"<p>[vc_row content_placement=&#8221;top&#8221; row_content_width=&#8221;grid&#8221;][vc_column offset=&#8221;vc_col-lg-offset-0 vc_col-lg-7 vc_col-md-offset-0 vc_col-md-10 vc_col-sm-offset-0&#8243;][\/vc_column][vc_column offset=&#8221;vc_col-lg-offset-0 vc_col-lg-5 vc_col-md-offset-0 vc_col-md-10 vc_col-sm-offset-0 vc_col-xs-12&#8243;][\/vc_column][\/vc_row][vc_row content_text_aligment=&#8221;center&#8221; css=&#8221;.vc_custom_1539260876012{padding-bottom: 126px !important;}&#8221;][vc_column][\/vc_column][\/vc_row][vc_row row_content_width=&#8221;grid&#8221; css=&#8221;.vc_custom_1539172735011{padding-bottom: 124px !important;}&#8221;][vc_column][\/vc_column][\/vc_row][vc_row simple_background_color=&#8221;#305968&#8243; css=&#8221;.vc_custom_1588863507259{padding-top: 40px !important;padding-bottom: 40px !important;}&#8221;][vc_column][\/vc_column][\/vc_row]<\/p>\n","protected":false},"author":1,"featured_media":0,"parent":0,"menu_order":0,"comment_status":"closed","ping_status":"closed","template":"full-width.php","meta":{"_acf_changed":false,"footnotes":""},"class_list":["post-7542","page","type-page","status-publish","hentry"],"acf":[],"yoast_head":"<!-- This site is optimized with the Yoast SEO plugin v27.3 - https:\/\/yoast.com\/product\/yoast-seo-wordpress\/ -->\n<title>O nama &#8902; Monticola<\/title>\n<meta name=\"robots\" content=\"index, follow, max-snippet:-1, max-image-preview:large, max-video-preview:-1\" \/>\n<link rel=\"canonical\" href=\"https:\/\/monticola.me\/about-us\/\" \/>\n<meta property=\"og:locale\" content=\"en_US\" \/>\n<meta property=\"og:type\" content=\"article\" \/>\n<meta property=\"og:title\" content=\"O nama &#8902; Monticola\" \/>\n<meta property=\"og:description\" content=\"[vc_row content_placement=&#8221;top&#8221; row_content_width=&#8221;grid&#8221;][vc_column offset=&#8221;vc_col-lg-offset-0 vc_col-lg-7 vc_col-md-offset-0 vc_col-md-10 vc_col-sm-offset-0&#8243;][\/vc_column][vc_column offset=&#8221;vc_col-lg-offset-0 vc_col-lg-5 vc_col-md-offset-0 vc_col-md-10 vc_col-sm-offset-0 vc_col-xs-12&#8243;][\/vc_column][\/vc_row][vc_row content_text_aligment=&#8221;center&#8221; css=&#8221;.vc_custom_1539260876012{padding-bottom: 126px !important;}&#8221;][vc_column][\/vc_column][\/vc_row][vc_row row_content_width=&#8221;grid&#8221; css=&#8221;.vc_custom_1539172735011{padding-bottom: 124px !important;}&#8221;][vc_column][\/vc_column][\/vc_row][vc_row simple_background_color=&#8221;#305968&#8243; css=&#8221;.vc_custom_1588863507259{padding-top: 40px !important;padding-bottom: 40px !important;}&#8221;][vc_column][\/vc_column][\/vc_row]\" \/>\n<meta property=\"og:url\" content=\"https:\/\/monticola.me\/about-us\/\" \/>\n<meta property=\"og:site_name\" content=\"Monticola\" \/>\n<meta property=\"article:publisher\" content=\"https:\/\/www.facebook.com\/monticola.me\" \/>\n<meta property=\"article:modified_time\" content=\"2020-10-28T09:39:49+00:00\" \/>\n<meta property=\"og:image\" content=\"https:\/\/monticola.me\/wp-content\/uploads\/2018\/09\/logo-original.png\" \/>\n\t<meta property=\"og:image:width\" content=\"301\" \/>\n\t<meta property=\"og:image:height\" content=\"96\" \/>\n\t<meta property=\"og:image:type\" content=\"image\/png\" \/>\n<meta name=\"twitter:card\" content=\"summary_large_image\" \/>\n<meta name=\"twitter:label1\" content=\"Est. reading time\" \/>\n\t<meta name=\"twitter:data1\" content=\"4 minutes\" \/>\n<script type=\"application\/ld+json\" class=\"yoast-schema-graph\">{\"@context\":\"https:\\\/\\\/schema.org\",\"@graph\":[{\"@type\":\"WebPage\",\"@id\":\"https:\\\/\\\/monticola.me\\\/about-us\\\/\",\"url\":\"https:\\\/\\\/monticola.me\\\/about-us\\\/\",\"name\":\"O nama &#8902; Monticola\",\"isPartOf\":{\"@id\":\"https:\\\/\\\/monticola.me\\\/#website\"},\"datePublished\":\"2018-09-10T09:00:47+00:00\",\"dateModified\":\"2020-10-28T09:39:49+00:00\",\"breadcrumb\":{\"@id\":\"https:\\\/\\\/monticola.me\\\/about-us\\\/#breadcrumb\"},\"inLanguage\":\"me-ME\",\"potentialAction\":[{\"@type\":\"ReadAction\",\"target\":[\"https:\\\/\\\/monticola.me\\\/about-us\\\/\"]}]},{\"@type\":\"BreadcrumbList\",\"@id\":\"https:\\\/\\\/monticola.me\\\/about-us\\\/#breadcrumb\",\"itemListElement\":[{\"@type\":\"ListItem\",\"position\":1,\"name\":\"Home\",\"item\":\"https:\\\/\\\/monticola.me\\\/me\\\/\"},{\"@type\":\"ListItem\",\"position\":2,\"name\":\"O nama\"}]},{\"@type\":\"WebSite\",\"@id\":\"https:\\\/\\\/monticola.me\\\/#website\",\"url\":\"https:\\\/\\\/monticola.me\\\/\",\"name\":\"Monticola\",\"description\":\"Bird-watching &amp; Ecotourism in Montenegro\",\"publisher\":{\"@id\":\"https:\\\/\\\/monticola.me\\\/#organization\"},\"potentialAction\":[{\"@type\":\"SearchAction\",\"target\":{\"@type\":\"EntryPoint\",\"urlTemplate\":\"https:\\\/\\\/monticola.me\\\/?s={search_term_string}\"},\"query-input\":{\"@type\":\"PropertyValueSpecification\",\"valueRequired\":true,\"valueName\":\"search_term_string\"}}],\"inLanguage\":\"me-ME\"},{\"@type\":\"Organization\",\"@id\":\"https:\\\/\\\/monticola.me\\\/#organization\",\"name\":\"Monticola\",\"url\":\"https:\\\/\\\/monticola.me\\\/\",\"logo\":{\"@type\":\"ImageObject\",\"inLanguage\":\"me-ME\",\"@id\":\"https:\\\/\\\/monticola.me\\\/#\\\/schema\\\/logo\\\/image\\\/\",\"url\":\"https:\\\/\\\/monticola.me\\\/wp-content\\\/uploads\\\/2018\\\/09\\\/logo-original.png\",\"contentUrl\":\"https:\\\/\\\/monticola.me\\\/wp-content\\\/uploads\\\/2018\\\/09\\\/logo-original.png\",\"width\":301,\"height\":96,\"caption\":\"Monticola\"},\"image\":{\"@id\":\"https:\\\/\\\/monticola.me\\\/#\\\/schema\\\/logo\\\/image\\\/\"},\"sameAs\":[\"https:\\\/\\\/www.facebook.com\\\/monticola.me\"]}]}<\/script>\n<!-- \/ Yoast SEO plugin. -->","yoast_head_json":{"title":"O nama &#8902; Monticola","robots":{"index":"index","follow":"follow","max-snippet":"max-snippet:-1","max-image-preview":"max-image-preview:large","max-video-preview":"max-video-preview:-1"},"canonical":"https:\/\/monticola.me\/about-us\/","og_locale":"en_US","og_type":"article","og_title":"O nama &#8902; Monticola","og_description":"[vc_row content_placement=&#8221;top&#8221; row_content_width=&#8221;grid&#8221;][vc_column offset=&#8221;vc_col-lg-offset-0 vc_col-lg-7 vc_col-md-offset-0 vc_col-md-10 vc_col-sm-offset-0&#8243;][\/vc_column][vc_column offset=&#8221;vc_col-lg-offset-0 vc_col-lg-5 vc_col-md-offset-0 vc_col-md-10 vc_col-sm-offset-0 vc_col-xs-12&#8243;][\/vc_column][\/vc_row][vc_row content_text_aligment=&#8221;center&#8221; css=&#8221;.vc_custom_1539260876012{padding-bottom: 126px !important;}&#8221;][vc_column][\/vc_column][\/vc_row][vc_row row_content_width=&#8221;grid&#8221; css=&#8221;.vc_custom_1539172735011{padding-bottom: 124px !important;}&#8221;][vc_column][\/vc_column][\/vc_row][vc_row simple_background_color=&#8221;#305968&#8243; css=&#8221;.vc_custom_1588863507259{padding-top: 40px !important;padding-bottom: 40px !important;}&#8221;][vc_column][\/vc_column][\/vc_row]","og_url":"https:\/\/monticola.me\/about-us\/","og_site_name":"Monticola","article_publisher":"https:\/\/www.facebook.com\/monticola.me","article_modified_time":"2020-10-28T09:39:49+00:00","og_image":[{"width":301,"height":96,"url":"https:\/\/monticola.me\/wp-content\/uploads\/2018\/09\/logo-original.png","type":"image\/png"}],"twitter_card":"summary_large_image","twitter_misc":{"Est. reading time":"4 minutes"},"schema":{"@context":"https:\/\/schema.org","@graph":[{"@type":"WebPage","@id":"https:\/\/monticola.me\/about-us\/","url":"https:\/\/monticola.me\/about-us\/","name":"O nama &#8902; Monticola","isPartOf":{"@id":"https:\/\/monticola.me\/#website"},"datePublished":"2018-09-10T09:00:47+00:00","dateModified":"2020-10-28T09:39:49+00:00","breadcrumb":{"@id":"https:\/\/monticola.me\/about-us\/#breadcrumb"},"inLanguage":"me-ME","potentialAction":[{"@type":"ReadAction","target":["https:\/\/monticola.me\/about-us\/"]}]},{"@type":"BreadcrumbList","@id":"https:\/\/monticola.me\/about-us\/#breadcrumb","itemListElement":[{"@type":"ListItem","position":1,"name":"Home","item":"https:\/\/monticola.me\/me\/"},{"@type":"ListItem","position":2,"name":"O nama"}]},{"@type":"WebSite","@id":"https:\/\/monticola.me\/#website","url":"https:\/\/monticola.me\/","name":"Monticola","description":"Bird-watching &amp; Ecotourism in Montenegro","publisher":{"@id":"https:\/\/monticola.me\/#organization"},"potentialAction":[{"@type":"SearchAction","target":{"@type":"EntryPoint","urlTemplate":"https:\/\/monticola.me\/?s={search_term_string}"},"query-input":{"@type":"PropertyValueSpecification","valueRequired":true,"valueName":"search_term_string"}}],"inLanguage":"me-ME"},{"@type":"Organization","@id":"https:\/\/monticola.me\/#organization","name":"Monticola","url":"https:\/\/monticola.me\/","logo":{"@type":"ImageObject","inLanguage":"me-ME","@id":"https:\/\/monticola.me\/#\/schema\/logo\/image\/","url":"https:\/\/monticola.me\/wp-content\/uploads\/2018\/09\/logo-original.png","contentUrl":"https:\/\/monticola.me\/wp-content\/uploads\/2018\/09\/logo-original.png","width":301,"height":96,"caption":"Monticola"},"image":{"@id":"https:\/\/monticola.me\/#\/schema\/logo\/image\/"},"sameAs":["https:\/\/www.facebook.com\/monticola.me"]}]}},"_links":{"self":[{"href":"https:\/\/monticola.me\/me\/wp-json\/wp\/v2\/pages\/7542","targetHints":{"allow":["GET"]}}],"collection":[{"href":"https:\/\/monticola.me\/me\/wp-json\/wp\/v2\/pages"}],"about":[{"href":"https:\/\/monticola.me\/me\/wp-json\/wp\/v2\/types\/page"}],"author":[{"embeddable":true,"href":"https:\/\/monticola.me\/me\/wp-json\/wp\/v2\/users\/1"}],"replies":[{"embeddable":true,"href":"https:\/\/monticola.me\/me\/wp-json\/wp\/v2\/comments?post=7542"}],"version-history":[{"count":5,"href":"https:\/\/monticola.me\/me\/wp-json\/wp\/v2\/pages\/7542\/revisions"}],"predecessor-version":[{"id":7913,"href":"https:\/\/monticola.me\/me\/wp-json\/wp\/v2\/pages\/7542\/revisions\/7913"}],"wp:attachment":[{"href":"https:\/\/monticola.me\/me\/wp-json\/wp\/v2\/media?parent=7542"}],"curies":[{"name":"wp","href":"https:\/\/api.w.org\/{rel}","templated":true}]}}