{"id":7784,"date":"2020-09-17T11:53:45","date_gmt":"2020-09-17T09:53:45","guid":{"rendered":"https:\/\/monticola.me\/product\/majica-sumska-sljuka\/"},"modified":"2025-02-24T13:19:47","modified_gmt":"2025-02-24T12:19:47","slug":"majica-sumska-sljuka","status":"publish","type":"product","link":"https:\/\/monticola.me\/me\/proizvod\/majica-sumska-sljuka\/","title":{"rendered":"Majica &#8211; \u0160umska \u0161ljuka"},"content":{"rendered":"<p>\u0160umska \u0161ljuka voli vla\u017ene \u0161ume pro\u0161arane \u010distinama. Veoma je stidljiva i rijetko kada se mo\u017ee uo\u010diti. Ova ptica je posebna po svom kljunu, na kojem se nalaze posebne \u0107elije pomo\u0107u kojih otkriva pokrete i veli\u010dinu plijena.<\/p>\n<p>U na\u0161oj zemlji \u0161umska \u0161ljuka je pod velikim pritiskom lova i krivolova. Kupovinom ovog proizvoda poma\u017eete na\u0161 rad na istra\u017eivanju i za\u0161titi ove vrste.<\/p>\n","protected":false},"excerpt":{"rendered":"<p>Majica<\/p>\n","protected":false},"featured_media":7527,"comment_status":"open","ping_status":"closed","template":"","meta":{"_acf_changed":false},"product_brand":[],"product_cat":[179],"product_tag":[],"class_list":{"0":"post-7784","1":"product","2":"type-product","3":"status-publish","4":"has-post-thumbnail","6":"product_cat-odjeca","7":"product_shipping_class-morethan100g-me","9":"first","10":"instock","11":"shipping-taxable","12":"purchasable","13":"product-type-variable"},"acf":[],"yoast_head":"<!-- This site is optimized with the Yoast SEO plugin v27.3 - https:\/\/yoast.com\/product\/yoast-seo-wordpress\/ -->\n<title>Majica - \u0160umska \u0161ljuka &#8902; Monticola<\/title>\n<meta name=\"robots\" content=\"index, follow, max-snippet:-1, max-image-preview:large, max-video-preview:-1\" \/>\n<link rel=\"canonical\" href=\"https:\/\/monticola.me\/proizvod\/t-shirt-eurasian-woodcock\/\" \/>\n<meta property=\"og:locale\" content=\"en_US\" \/>\n<meta property=\"og:type\" content=\"article\" \/>\n<meta property=\"og:title\" content=\"Majica - \u0160umska \u0161ljuka &#8902; Monticola\" \/>\n<meta property=\"og:description\" content=\"Majica\" \/>\n<meta property=\"og:url\" content=\"https:\/\/monticola.me\/proizvod\/t-shirt-eurasian-woodcock\/\" \/>\n<meta property=\"og:site_name\" content=\"Monticola\" \/>\n<meta property=\"article:publisher\" content=\"https:\/\/www.facebook.com\/monticola.me\" \/>\n<meta property=\"article:modified_time\" content=\"2025-02-24T12:19:47+00:00\" \/>\n<meta property=\"og:image\" content=\"https:\/\/monticola.me\/wp-content\/uploads\/2020\/09\/DSC_5554.jpg\" \/>\n\t<meta property=\"og:image:width\" content=\"1980\" \/>\n\t<meta property=\"og:image:height\" content=\"1320\" \/>\n\t<meta property=\"og:image:type\" content=\"image\/jpeg\" \/>\n<meta name=\"twitter:card\" content=\"summary_large_image\" \/>\n<script type=\"application\/ld+json\" class=\"yoast-schema-graph\">{\"@context\":\"https:\\\/\\\/schema.org\",\"@graph\":[{\"@type\":\"WebPage\",\"@id\":\"https:\\\/\\\/monticola.me\\\/proizvod\\\/t-shirt-eurasian-woodcock\\\/\",\"url\":\"https:\\\/\\\/monticola.me\\\/proizvod\\\/t-shirt-eurasian-woodcock\\\/\",\"name\":\"Majica - \u0160umska \u0161ljuka &#8902; Monticola\",\"isPartOf\":{\"@id\":\"https:\\\/\\\/monticola.me\\\/#website\"},\"primaryImageOfPage\":{\"@id\":\"https:\\\/\\\/monticola.me\\\/proizvod\\\/t-shirt-eurasian-woodcock\\\/#primaryimage\"},\"image\":{\"@id\":\"https:\\\/\\\/monticola.me\\\/proizvod\\\/t-shirt-eurasian-woodcock\\\/#primaryimage\"},\"thumbnailUrl\":\"https:\\\/\\\/monticola.me\\\/wp-content\\\/uploads\\\/2020\\\/09\\\/DSC_5554.jpg\",\"datePublished\":\"2020-09-17T09:53:45+00:00\",\"dateModified\":\"2025-02-24T12:19:47+00:00\",\"breadcrumb\":{\"@id\":\"https:\\\/\\\/monticola.me\\\/proizvod\\\/t-shirt-eurasian-woodcock\\\/#breadcrumb\"},\"inLanguage\":\"me-ME\",\"potentialAction\":[{\"@type\":\"ReadAction\",\"target\":[\"https:\\\/\\\/monticola.me\\\/proizvod\\\/t-shirt-eurasian-woodcock\\\/\"]}]},{\"@type\":\"ImageObject\",\"inLanguage\":\"me-ME\",\"@id\":\"https:\\\/\\\/monticola.me\\\/proizvod\\\/t-shirt-eurasian-woodcock\\\/#primaryimage\",\"url\":\"https:\\\/\\\/monticola.me\\\/wp-content\\\/uploads\\\/2020\\\/09\\\/DSC_5554.jpg\",\"contentUrl\":\"https:\\\/\\\/monticola.me\\\/wp-content\\\/uploads\\\/2020\\\/09\\\/DSC_5554.jpg\",\"width\":1980,\"height\":1320},{\"@type\":\"BreadcrumbList\",\"@id\":\"https:\\\/\\\/monticola.me\\\/proizvod\\\/t-shirt-eurasian-woodcock\\\/#breadcrumb\",\"itemListElement\":[{\"@type\":\"ListItem\",\"position\":1,\"name\":\"Home\",\"item\":\"https:\\\/\\\/monticola.me\\\/me\\\/\"},{\"@type\":\"ListItem\",\"position\":2,\"name\":\"Shop\",\"item\":\"https:\\\/\\\/monticola.me\\\/me\\\/prodavnica\\\/\"},{\"@type\":\"ListItem\",\"position\":3,\"name\":\"Majica &#8211; \u0160umska \u0161ljuka\"}]},{\"@type\":\"WebSite\",\"@id\":\"https:\\\/\\\/monticola.me\\\/#website\",\"url\":\"https:\\\/\\\/monticola.me\\\/\",\"name\":\"Monticola\",\"description\":\"Bird-watching &amp; Ecotourism in Montenegro\",\"publisher\":{\"@id\":\"https:\\\/\\\/monticola.me\\\/#organization\"},\"potentialAction\":[{\"@type\":\"SearchAction\",\"target\":{\"@type\":\"EntryPoint\",\"urlTemplate\":\"https:\\\/\\\/monticola.me\\\/?s={search_term_string}\"},\"query-input\":{\"@type\":\"PropertyValueSpecification\",\"valueRequired\":true,\"valueName\":\"search_term_string\"}}],\"inLanguage\":\"me-ME\"},{\"@type\":\"Organization\",\"@id\":\"https:\\\/\\\/monticola.me\\\/#organization\",\"name\":\"Monticola\",\"url\":\"https:\\\/\\\/monticola.me\\\/\",\"logo\":{\"@type\":\"ImageObject\",\"inLanguage\":\"me-ME\",\"@id\":\"https:\\\/\\\/monticola.me\\\/#\\\/schema\\\/logo\\\/image\\\/\",\"url\":\"https:\\\/\\\/monticola.me\\\/wp-content\\\/uploads\\\/2018\\\/09\\\/logo-original.png\",\"contentUrl\":\"https:\\\/\\\/monticola.me\\\/wp-content\\\/uploads\\\/2018\\\/09\\\/logo-original.png\",\"width\":301,\"height\":96,\"caption\":\"Monticola\"},\"image\":{\"@id\":\"https:\\\/\\\/monticola.me\\\/#\\\/schema\\\/logo\\\/image\\\/\"},\"sameAs\":[\"https:\\\/\\\/www.facebook.com\\\/monticola.me\"]}]}<\/script>\n<!-- \/ Yoast SEO plugin. -->","yoast_head_json":{"title":"Majica - \u0160umska \u0161ljuka &#8902; Monticola","robots":{"index":"index","follow":"follow","max-snippet":"max-snippet:-1","max-image-preview":"max-image-preview:large","max-video-preview":"max-video-preview:-1"},"canonical":"https:\/\/monticola.me\/proizvod\/t-shirt-eurasian-woodcock\/","og_locale":"en_US","og_type":"article","og_title":"Majica - \u0160umska \u0161ljuka &#8902; Monticola","og_description":"Majica","og_url":"https:\/\/monticola.me\/proizvod\/t-shirt-eurasian-woodcock\/","og_site_name":"Monticola","article_publisher":"https:\/\/www.facebook.com\/monticola.me","article_modified_time":"2025-02-24T12:19:47+00:00","og_image":[{"width":1980,"height":1320,"url":"https:\/\/monticola.me\/wp-content\/uploads\/2020\/09\/DSC_5554.jpg","type":"image\/jpeg"}],"twitter_card":"summary_large_image","schema":{"@context":"https:\/\/schema.org","@graph":[{"@type":"WebPage","@id":"https:\/\/monticola.me\/proizvod\/t-shirt-eurasian-woodcock\/","url":"https:\/\/monticola.me\/proizvod\/t-shirt-eurasian-woodcock\/","name":"Majica - \u0160umska \u0161ljuka &#8902; Monticola","isPartOf":{"@id":"https:\/\/monticola.me\/#website"},"primaryImageOfPage":{"@id":"https:\/\/monticola.me\/proizvod\/t-shirt-eurasian-woodcock\/#primaryimage"},"image":{"@id":"https:\/\/monticola.me\/proizvod\/t-shirt-eurasian-woodcock\/#primaryimage"},"thumbnailUrl":"https:\/\/monticola.me\/wp-content\/uploads\/2020\/09\/DSC_5554.jpg","datePublished":"2020-09-17T09:53:45+00:00","dateModified":"2025-02-24T12:19:47+00:00","breadcrumb":{"@id":"https:\/\/monticola.me\/proizvod\/t-shirt-eurasian-woodcock\/#breadcrumb"},"inLanguage":"me-ME","potentialAction":[{"@type":"ReadAction","target":["https:\/\/monticola.me\/proizvod\/t-shirt-eurasian-woodcock\/"]}]},{"@type":"ImageObject","inLanguage":"me-ME","@id":"https:\/\/monticola.me\/proizvod\/t-shirt-eurasian-woodcock\/#primaryimage","url":"https:\/\/monticola.me\/wp-content\/uploads\/2020\/09\/DSC_5554.jpg","contentUrl":"https:\/\/monticola.me\/wp-content\/uploads\/2020\/09\/DSC_5554.jpg","width":1980,"height":1320},{"@type":"BreadcrumbList","@id":"https:\/\/monticola.me\/proizvod\/t-shirt-eurasian-woodcock\/#breadcrumb","itemListElement":[{"@type":"ListItem","position":1,"name":"Home","item":"https:\/\/monticola.me\/me\/"},{"@type":"ListItem","position":2,"name":"Shop","item":"https:\/\/monticola.me\/me\/prodavnica\/"},{"@type":"ListItem","position":3,"name":"Majica &#8211; \u0160umska \u0161ljuka"}]},{"@type":"WebSite","@id":"https:\/\/monticola.me\/#website","url":"https:\/\/monticola.me\/","name":"Monticola","description":"Bird-watching &amp; Ecotourism in Montenegro","publisher":{"@id":"https:\/\/monticola.me\/#organization"},"potentialAction":[{"@type":"SearchAction","target":{"@type":"EntryPoint","urlTemplate":"https:\/\/monticola.me\/?s={search_term_string}"},"query-input":{"@type":"PropertyValueSpecification","valueRequired":true,"valueName":"search_term_string"}}],"inLanguage":"me-ME"},{"@type":"Organization","@id":"https:\/\/monticola.me\/#organization","name":"Monticola","url":"https:\/\/monticola.me\/","logo":{"@type":"ImageObject","inLanguage":"me-ME","@id":"https:\/\/monticola.me\/#\/schema\/logo\/image\/","url":"https:\/\/monticola.me\/wp-content\/uploads\/2018\/09\/logo-original.png","contentUrl":"https:\/\/monticola.me\/wp-content\/uploads\/2018\/09\/logo-original.png","width":301,"height":96,"caption":"Monticola"},"image":{"@id":"https:\/\/monticola.me\/#\/schema\/logo\/image\/"},"sameAs":["https:\/\/www.facebook.com\/monticola.me"]}]}},"_links":{"self":[{"href":"https:\/\/monticola.me\/me\/wp-json\/wp\/v2\/product\/7784","targetHints":{"allow":["GET"]}}],"collection":[{"href":"https:\/\/monticola.me\/me\/wp-json\/wp\/v2\/product"}],"about":[{"href":"https:\/\/monticola.me\/me\/wp-json\/wp\/v2\/types\/product"}],"replies":[{"embeddable":true,"href":"https:\/\/monticola.me\/me\/wp-json\/wp\/v2\/comments?post=7784"}],"wp:featuredmedia":[{"embeddable":true,"href":"https:\/\/monticola.me\/me\/wp-json\/wp\/v2\/media\/7527"}],"wp:attachment":[{"href":"https:\/\/monticola.me\/me\/wp-json\/wp\/v2\/media?parent=7784"}],"wp:term":[{"taxonomy":"product_brand","embeddable":true,"href":"https:\/\/monticola.me\/me\/wp-json\/wp\/v2\/product_brand?post=7784"},{"taxonomy":"product_cat","embeddable":true,"href":"https:\/\/monticola.me\/me\/wp-json\/wp\/v2\/product_cat?post=7784"},{"taxonomy":"product_tag","embeddable":true,"href":"https:\/\/monticola.me\/me\/wp-json\/wp\/v2\/product_tag?post=7784"}],"curies":[{"name":"wp","href":"https:\/\/api.w.org\/{rel}","templated":true}]}}