{"id":7851,"date":"2020-08-20T12:55:03","date_gmt":"2020-08-20T10:55:03","guid":{"rendered":"https:\/\/monticola.me\/product\/ptice-hrvatske-i-europe-collins-bird-guide\/"},"modified":"2025-02-06T23:52:50","modified_gmt":"2025-02-06T22:52:50","slug":"ptice-hrvatske-i-europe-collins-bird-guide","status":"publish","type":"product","link":"https:\/\/monticola.me\/me\/proizvod\/ptice-hrvatske-i-europe-collins-bird-guide\/","title":{"rendered":"Ptice Hrvatske i Europe (Collins Bird Guide)"},"content":{"rendered":"<p>Priru\u010dnik Ptice Hrvatske i Europe najbolji je vodi\u010d za prepoznavanje ptica u Evropi. Na 446 stranica sa vi\u0161e od 4000 prelijepih, gotovo stvarnih ilustracija, koje su izradili vode\u0107i svjetski ilustratori ptica uve\u0161\u0107e vas u bogatstvo raznolikosti pti\u010djih vrsta koje nas okru\u017euju i u svijet posmatranja ptica. S ilustracijama na kojima su istaknute identifikacijske oznake na klju\u010dnim dijelovima tijela ptice i propratnim tekstom o veli\u010dini ptice, ekologiji vrste, opisom glasanja i oznakama statusa gnije\u017e\u0111enja i prisutnosti kod nas, ova knjiga nezaobilazan je korak u u\u010denju prepoznavanja ptica. Namijenjena je kako iskusnim ornitolozima tako i po\u010detnicima, zaljubljenicima u ptice i prirodu, u\u010denicima, profesorima i svima koji bi \u017eeljeli da saznaju vi\u0161e o \u010darobnom svijetu ptica koji nas okru\u017euje. Kupovinom ovog proizvoda poma\u017eete na\u0161 rad na za\u0161titi ptica Crne Gore.<\/p>\n<p>&nbsp;<\/p>\n<p>Broj strana: 446<br \/>Izdanje: maj 2018.<br \/>Dimenzije: 19,4&#215;13,4&#215;2,9 cm<br \/>Te\u017eina: 800g<\/p>\n<p>&nbsp;<\/p>\n<p>Prelistajte:<\/p>\n<p><code><div class=\"_df_book df-lite\" id=\"df_6491\"  _slug=\"ptice-hrvatske-i-europe\" data-title=\"ptice-hrvatske-i-europe\" wpoptions=\"true\" thumb=\"https:\/\/monticola.me\/wp-content\/uploads\/2018\/09\/1.jpg\" thumbtype=\"\" ><\/div><script class=\"df-shortcode-script\" nowprocket type=\"application\/javascript\">window.option_df_6491 = {\"webgl\":\"true\",\"outline\":[],\"autoEnableOutline\":\"false\",\"autoEnableThumbnail\":\"false\",\"overwritePDFOutline\":\"false\",\"direction\":\"1\",\"pageMode\":\"2\",\"source\":[\"https:\\\/\\\/monticola.me\\\/wp-content\\\/uploads\\\/2018\\\/09\\\/1.jpg\",\"https:\\\/\\\/monticola.me\\\/wp-content\\\/uploads\\\/2018\\\/09\\\/2.jpg\",\"https:\\\/\\\/monticola.me\\\/wp-content\\\/uploads\\\/2018\\\/09\\\/3.jpg\",\"https:\\\/\\\/monticola.me\\\/wp-content\\\/uploads\\\/2018\\\/09\\\/4.jpg\",\"https:\\\/\\\/monticola.me\\\/wp-content\\\/uploads\\\/2018\\\/09\\\/5.jpg\",\"https:\\\/\\\/monticola.me\\\/wp-content\\\/uploads\\\/2018\\\/09\\\/6.jpg\",\"https:\\\/\\\/monticola.me\\\/wp-content\\\/uploads\\\/2018\\\/09\\\/7.jpg\",\"https:\\\/\\\/monticola.me\\\/wp-content\\\/uploads\\\/2018\\\/09\\\/8.jpg\",\"https:\\\/\\\/monticola.me\\\/wp-content\\\/uploads\\\/2018\\\/09\\\/9.jpg\",\"https:\\\/\\\/monticola.me\\\/wp-content\\\/uploads\\\/2018\\\/09\\\/10.jpg\",\"https:\\\/\\\/monticola.me\\\/wp-content\\\/uploads\\\/2018\\\/09\\\/11.jpg\",\"https:\\\/\\\/monticola.me\\\/wp-content\\\/uploads\\\/2018\\\/09\\\/12.jpg\",\"https:\\\/\\\/monticola.me\\\/wp-content\\\/uploads\\\/2018\\\/09\\\/13.jpg\",\"https:\\\/\\\/monticola.me\\\/wp-content\\\/uploads\\\/2018\\\/09\\\/14.jpg\",\"https:\\\/\\\/monticola.me\\\/wp-content\\\/uploads\\\/2018\\\/09\\\/15.jpg\",\"https:\\\/\\\/monticola.me\\\/wp-content\\\/uploads\\\/2018\\\/09\\\/16.jpg\",\"https:\\\/\\\/monticola.me\\\/wp-content\\\/uploads\\\/2018\\\/09\\\/17.jpg\",\"https:\\\/\\\/monticola.me\\\/wp-content\\\/uploads\\\/2018\\\/09\\\/18.jpg\",\"https:\\\/\\\/monticola.me\\\/wp-content\\\/uploads\\\/2018\\\/09\\\/19.jpg\",\"https:\\\/\\\/monticola.me\\\/wp-content\\\/uploads\\\/2018\\\/09\\\/20.jpg\",\"https:\\\/\\\/monticola.me\\\/wp-content\\\/uploads\\\/2018\\\/09\\\/21.jpg\"],\"wpOptions\":\"true\",\"links\":[[],[],[],[],[],[],[],[],[],[],[],[],[],[],[],[],[],[],[],[],[],[]]}; if(window.DFLIP && window.DFLIP.parseBooks){window.DFLIP.parseBooks();}<\/script><\/code><\/p>\n","protected":false},"excerpt":{"rendered":"<p>Collins Bird Guide &#8211; Hrvatski prevod<\/p>\n","protected":false},"featured_media":7516,"comment_status":"open","ping_status":"closed","template":"","meta":{"_acf_changed":false},"product_brand":[],"product_cat":[181,113],"product_tag":[],"class_list":{"0":"post-7851","1":"product","2":"type-product","3":"status-publish","4":"has-post-thumbnail","6":"product_cat-literatura","7":"product_cat-literature","8":"product_shipping_class-morethan100g","9":"product_shipping_class-morethan100g-me","11":"first","12":"instock","13":"shipping-taxable","14":"purchasable","15":"product-type-simple"},"acf":[],"yoast_head":"<!-- This site is optimized with the Yoast SEO plugin v27.3 - https:\/\/yoast.com\/product\/yoast-seo-wordpress\/ -->\n<title>Ptice Hrvatske i Europe (Collins Bird Guide) &#8902; Monticola<\/title>\n<meta name=\"robots\" content=\"index, follow, max-snippet:-1, max-image-preview:large, max-video-preview:-1\" \/>\n<link rel=\"canonical\" href=\"https:\/\/monticola.me\/proizvod\/ptice-hrvatske-i-europe-collins-bird-guide\/\" \/>\n<meta property=\"og:locale\" content=\"en_US\" \/>\n<meta property=\"og:type\" content=\"article\" \/>\n<meta property=\"og:title\" content=\"Ptice Hrvatske i Europe (Collins Bird Guide) &#8902; Monticola\" \/>\n<meta property=\"og:description\" content=\"Collins Bird Guide - Hrvatski prevod\" \/>\n<meta property=\"og:url\" content=\"https:\/\/monticola.me\/proizvod\/ptice-hrvatske-i-europe-collins-bird-guide\/\" \/>\n<meta property=\"og:site_name\" content=\"Monticola\" \/>\n<meta property=\"article:publisher\" content=\"https:\/\/www.facebook.com\/monticola.me\" \/>\n<meta property=\"article:modified_time\" content=\"2025-02-06T22:52:50+00:00\" \/>\n<meta property=\"og:image\" content=\"https:\/\/monticola.me\/wp-content\/uploads\/2020\/08\/book.png\" \/>\n\t<meta property=\"og:image:width\" content=\"450\" \/>\n\t<meta property=\"og:image:height\" content=\"474\" \/>\n\t<meta property=\"og:image:type\" content=\"image\/png\" \/>\n<meta name=\"twitter:card\" content=\"summary_large_image\" \/>\n<meta name=\"twitter:label1\" content=\"Est. reading time\" \/>\n\t<meta name=\"twitter:data1\" content=\"1 minute\" \/>\n<script type=\"application\/ld+json\" class=\"yoast-schema-graph\">{\"@context\":\"https:\\\/\\\/schema.org\",\"@graph\":[{\"@type\":\"WebPage\",\"@id\":\"https:\\\/\\\/monticola.me\\\/proizvod\\\/ptice-hrvatske-i-europe-collins-bird-guide\\\/\",\"url\":\"https:\\\/\\\/monticola.me\\\/proizvod\\\/ptice-hrvatske-i-europe-collins-bird-guide\\\/\",\"name\":\"Ptice Hrvatske i Europe (Collins Bird Guide) &#8902; Monticola\",\"isPartOf\":{\"@id\":\"https:\\\/\\\/monticola.me\\\/#website\"},\"primaryImageOfPage\":{\"@id\":\"https:\\\/\\\/monticola.me\\\/proizvod\\\/ptice-hrvatske-i-europe-collins-bird-guide\\\/#primaryimage\"},\"image\":{\"@id\":\"https:\\\/\\\/monticola.me\\\/proizvod\\\/ptice-hrvatske-i-europe-collins-bird-guide\\\/#primaryimage\"},\"thumbnailUrl\":\"https:\\\/\\\/monticola.me\\\/wp-content\\\/uploads\\\/2020\\\/08\\\/book.png\",\"datePublished\":\"2020-08-20T10:55:03+00:00\",\"dateModified\":\"2025-02-06T22:52:50+00:00\",\"breadcrumb\":{\"@id\":\"https:\\\/\\\/monticola.me\\\/proizvod\\\/ptice-hrvatske-i-europe-collins-bird-guide\\\/#breadcrumb\"},\"inLanguage\":\"me-ME\",\"potentialAction\":[{\"@type\":\"ReadAction\",\"target\":[\"https:\\\/\\\/monticola.me\\\/proizvod\\\/ptice-hrvatske-i-europe-collins-bird-guide\\\/\"]}]},{\"@type\":\"ImageObject\",\"inLanguage\":\"me-ME\",\"@id\":\"https:\\\/\\\/monticola.me\\\/proizvod\\\/ptice-hrvatske-i-europe-collins-bird-guide\\\/#primaryimage\",\"url\":\"https:\\\/\\\/monticola.me\\\/wp-content\\\/uploads\\\/2020\\\/08\\\/book.png\",\"contentUrl\":\"https:\\\/\\\/monticola.me\\\/wp-content\\\/uploads\\\/2020\\\/08\\\/book.png\",\"width\":450,\"height\":474},{\"@type\":\"BreadcrumbList\",\"@id\":\"https:\\\/\\\/monticola.me\\\/proizvod\\\/ptice-hrvatske-i-europe-collins-bird-guide\\\/#breadcrumb\",\"itemListElement\":[{\"@type\":\"ListItem\",\"position\":1,\"name\":\"Home\",\"item\":\"https:\\\/\\\/monticola.me\\\/me\\\/\"},{\"@type\":\"ListItem\",\"position\":2,\"name\":\"Shop\",\"item\":\"https:\\\/\\\/monticola.me\\\/me\\\/prodavnica\\\/\"},{\"@type\":\"ListItem\",\"position\":3,\"name\":\"Ptice Hrvatske i Europe (Collins Bird Guide)\"}]},{\"@type\":\"WebSite\",\"@id\":\"https:\\\/\\\/monticola.me\\\/#website\",\"url\":\"https:\\\/\\\/monticola.me\\\/\",\"name\":\"Monticola\",\"description\":\"Bird-watching &amp; Ecotourism in Montenegro\",\"publisher\":{\"@id\":\"https:\\\/\\\/monticola.me\\\/#organization\"},\"potentialAction\":[{\"@type\":\"SearchAction\",\"target\":{\"@type\":\"EntryPoint\",\"urlTemplate\":\"https:\\\/\\\/monticola.me\\\/?s={search_term_string}\"},\"query-input\":{\"@type\":\"PropertyValueSpecification\",\"valueRequired\":true,\"valueName\":\"search_term_string\"}}],\"inLanguage\":\"me-ME\"},{\"@type\":\"Organization\",\"@id\":\"https:\\\/\\\/monticola.me\\\/#organization\",\"name\":\"Monticola\",\"url\":\"https:\\\/\\\/monticola.me\\\/\",\"logo\":{\"@type\":\"ImageObject\",\"inLanguage\":\"me-ME\",\"@id\":\"https:\\\/\\\/monticola.me\\\/#\\\/schema\\\/logo\\\/image\\\/\",\"url\":\"https:\\\/\\\/monticola.me\\\/wp-content\\\/uploads\\\/2018\\\/09\\\/logo-original.png\",\"contentUrl\":\"https:\\\/\\\/monticola.me\\\/wp-content\\\/uploads\\\/2018\\\/09\\\/logo-original.png\",\"width\":301,\"height\":96,\"caption\":\"Monticola\"},\"image\":{\"@id\":\"https:\\\/\\\/monticola.me\\\/#\\\/schema\\\/logo\\\/image\\\/\"},\"sameAs\":[\"https:\\\/\\\/www.facebook.com\\\/monticola.me\"]}]}<\/script>\n<!-- \/ Yoast SEO plugin. -->","yoast_head_json":{"title":"Ptice Hrvatske i Europe (Collins Bird Guide) &#8902; Monticola","robots":{"index":"index","follow":"follow","max-snippet":"max-snippet:-1","max-image-preview":"max-image-preview:large","max-video-preview":"max-video-preview:-1"},"canonical":"https:\/\/monticola.me\/proizvod\/ptice-hrvatske-i-europe-collins-bird-guide\/","og_locale":"en_US","og_type":"article","og_title":"Ptice Hrvatske i Europe (Collins Bird Guide) &#8902; Monticola","og_description":"Collins Bird Guide - Hrvatski prevod","og_url":"https:\/\/monticola.me\/proizvod\/ptice-hrvatske-i-europe-collins-bird-guide\/","og_site_name":"Monticola","article_publisher":"https:\/\/www.facebook.com\/monticola.me","article_modified_time":"2025-02-06T22:52:50+00:00","og_image":[{"width":450,"height":474,"url":"https:\/\/monticola.me\/wp-content\/uploads\/2020\/08\/book.png","type":"image\/png"}],"twitter_card":"summary_large_image","twitter_misc":{"Est. reading time":"1 minute"},"schema":{"@context":"https:\/\/schema.org","@graph":[{"@type":"WebPage","@id":"https:\/\/monticola.me\/proizvod\/ptice-hrvatske-i-europe-collins-bird-guide\/","url":"https:\/\/monticola.me\/proizvod\/ptice-hrvatske-i-europe-collins-bird-guide\/","name":"Ptice Hrvatske i Europe (Collins Bird Guide) &#8902; Monticola","isPartOf":{"@id":"https:\/\/monticola.me\/#website"},"primaryImageOfPage":{"@id":"https:\/\/monticola.me\/proizvod\/ptice-hrvatske-i-europe-collins-bird-guide\/#primaryimage"},"image":{"@id":"https:\/\/monticola.me\/proizvod\/ptice-hrvatske-i-europe-collins-bird-guide\/#primaryimage"},"thumbnailUrl":"https:\/\/monticola.me\/wp-content\/uploads\/2020\/08\/book.png","datePublished":"2020-08-20T10:55:03+00:00","dateModified":"2025-02-06T22:52:50+00:00","breadcrumb":{"@id":"https:\/\/monticola.me\/proizvod\/ptice-hrvatske-i-europe-collins-bird-guide\/#breadcrumb"},"inLanguage":"me-ME","potentialAction":[{"@type":"ReadAction","target":["https:\/\/monticola.me\/proizvod\/ptice-hrvatske-i-europe-collins-bird-guide\/"]}]},{"@type":"ImageObject","inLanguage":"me-ME","@id":"https:\/\/monticola.me\/proizvod\/ptice-hrvatske-i-europe-collins-bird-guide\/#primaryimage","url":"https:\/\/monticola.me\/wp-content\/uploads\/2020\/08\/book.png","contentUrl":"https:\/\/monticola.me\/wp-content\/uploads\/2020\/08\/book.png","width":450,"height":474},{"@type":"BreadcrumbList","@id":"https:\/\/monticola.me\/proizvod\/ptice-hrvatske-i-europe-collins-bird-guide\/#breadcrumb","itemListElement":[{"@type":"ListItem","position":1,"name":"Home","item":"https:\/\/monticola.me\/me\/"},{"@type":"ListItem","position":2,"name":"Shop","item":"https:\/\/monticola.me\/me\/prodavnica\/"},{"@type":"ListItem","position":3,"name":"Ptice Hrvatske i Europe (Collins Bird Guide)"}]},{"@type":"WebSite","@id":"https:\/\/monticola.me\/#website","url":"https:\/\/monticola.me\/","name":"Monticola","description":"Bird-watching &amp; Ecotourism in Montenegro","publisher":{"@id":"https:\/\/monticola.me\/#organization"},"potentialAction":[{"@type":"SearchAction","target":{"@type":"EntryPoint","urlTemplate":"https:\/\/monticola.me\/?s={search_term_string}"},"query-input":{"@type":"PropertyValueSpecification","valueRequired":true,"valueName":"search_term_string"}}],"inLanguage":"me-ME"},{"@type":"Organization","@id":"https:\/\/monticola.me\/#organization","name":"Monticola","url":"https:\/\/monticola.me\/","logo":{"@type":"ImageObject","inLanguage":"me-ME","@id":"https:\/\/monticola.me\/#\/schema\/logo\/image\/","url":"https:\/\/monticola.me\/wp-content\/uploads\/2018\/09\/logo-original.png","contentUrl":"https:\/\/monticola.me\/wp-content\/uploads\/2018\/09\/logo-original.png","width":301,"height":96,"caption":"Monticola"},"image":{"@id":"https:\/\/monticola.me\/#\/schema\/logo\/image\/"},"sameAs":["https:\/\/www.facebook.com\/monticola.me"]}]}},"_links":{"self":[{"href":"https:\/\/monticola.me\/me\/wp-json\/wp\/v2\/product\/7851","targetHints":{"allow":["GET"]}}],"collection":[{"href":"https:\/\/monticola.me\/me\/wp-json\/wp\/v2\/product"}],"about":[{"href":"https:\/\/monticola.me\/me\/wp-json\/wp\/v2\/types\/product"}],"replies":[{"embeddable":true,"href":"https:\/\/monticola.me\/me\/wp-json\/wp\/v2\/comments?post=7851"}],"wp:featuredmedia":[{"embeddable":true,"href":"https:\/\/monticola.me\/me\/wp-json\/wp\/v2\/media\/7516"}],"wp:attachment":[{"href":"https:\/\/monticola.me\/me\/wp-json\/wp\/v2\/media?parent=7851"}],"wp:term":[{"taxonomy":"product_brand","embeddable":true,"href":"https:\/\/monticola.me\/me\/wp-json\/wp\/v2\/product_brand?post=7851"},{"taxonomy":"product_cat","embeddable":true,"href":"https:\/\/monticola.me\/me\/wp-json\/wp\/v2\/product_cat?post=7851"},{"taxonomy":"product_tag","embeddable":true,"href":"https:\/\/monticola.me\/me\/wp-json\/wp\/v2\/product_tag?post=7851"}],"curies":[{"name":"wp","href":"https:\/\/api.w.org\/{rel}","templated":true}]}}