{"id":7953,"date":"2020-12-16T07:30:49","date_gmt":"2020-12-16T06:30:49","guid":{"rendered":"https:\/\/monticola.me\/?post_type=product&#038;p=7953"},"modified":"2025-02-06T23:52:53","modified_gmt":"2025-02-06T22:52:53","slug":"solja-owl-we-need-is-love-copy","status":"publish","type":"product","link":"https:\/\/monticola.me\/me\/proizvod\/solja-owl-we-need-is-love-copy\/","title":{"rendered":"\u0160olja &#8211; Velika u\u0161ara"},"content":{"rendered":"<p>Velika u\u0161ara je stanarica planina i otvorenih predjela, uglavnom rijetka i lokalno prisutna. Aktivna je no\u0107u i u sumrak, a danju se odmara.<\/p>\n<p>Po uzoru na Sloveniju, gdje je nastao <em>\u201eBubo night&#8221;<\/em>, i mi svake godine provjeravamo brojno stanje ovih no\u0107nih grabljivica na teritoriji na\u0161e zemlje. Popisivanje velike u\u0161are podrazumijeva ozbiljan nau\u010dno-istra\u017eiva\u010dki rad, a kupovinom ovog proizvoda poma\u017eete na\u0161 rad na istra\u017eivanju i za\u0161titi ove vrste.<\/p>\n<p>\u0160olja ima ilustraciju velike u\u0161are u boji.<\/p>\n","protected":false},"excerpt":{"rendered":"<p>\u0160olja za \u010daj\/kafu<\/p>\n","protected":false},"featured_media":7951,"comment_status":"open","ping_status":"closed","template":"","meta":{"_acf_changed":false},"product_brand":[],"product_cat":[182],"product_tag":[],"class_list":{"0":"post-7953","1":"product","2":"type-product","3":"status-publish","4":"has-post-thumbnail","6":"product_cat-solje","7":"product_shipping_class-morethan100g-me","9":"first","10":"instock","11":"shipping-taxable","12":"purchasable","13":"product-type-simple"},"acf":[],"yoast_head":"<!-- This site is optimized with the Yoast SEO plugin v27.3 - https:\/\/yoast.com\/product\/yoast-seo-wordpress\/ -->\n<title>\u0160olja - Velika u\u0161ara &#8902; Monticola<\/title>\n<meta name=\"robots\" content=\"index, follow, max-snippet:-1, max-image-preview:large, max-video-preview:-1\" \/>\n<link rel=\"canonical\" href=\"https:\/\/monticola.me\/proizvod\/bird-print-mug-eagle-owl\/\" \/>\n<meta property=\"og:locale\" content=\"en_US\" \/>\n<meta property=\"og:type\" content=\"article\" \/>\n<meta property=\"og:title\" content=\"\u0160olja - Velika u\u0161ara &#8902; Monticola\" \/>\n<meta property=\"og:description\" content=\"\u0160olja za \u010daj\/kafu\" \/>\n<meta property=\"og:url\" content=\"https:\/\/monticola.me\/proizvod\/bird-print-mug-eagle-owl\/\" \/>\n<meta property=\"og:site_name\" content=\"Monticola\" \/>\n<meta property=\"article:publisher\" content=\"https:\/\/www.facebook.com\/monticola.me\" \/>\n<meta property=\"article:modified_time\" content=\"2025-02-06T22:52:53+00:00\" \/>\n<meta property=\"og:image\" content=\"https:\/\/monticola.me\/wp-content\/uploads\/2020\/03\/Untitled-1.jpg\" \/>\n\t<meta property=\"og:image:width\" content=\"2000\" \/>\n\t<meta property=\"og:image:height\" content=\"1219\" \/>\n\t<meta property=\"og:image:type\" content=\"image\/jpeg\" \/>\n<meta name=\"twitter:card\" content=\"summary_large_image\" \/>\n<script type=\"application\/ld+json\" class=\"yoast-schema-graph\">{\"@context\":\"https:\\\/\\\/schema.org\",\"@graph\":[{\"@type\":\"WebPage\",\"@id\":\"https:\\\/\\\/monticola.me\\\/proizvod\\\/bird-print-mug-eagle-owl\\\/\",\"url\":\"https:\\\/\\\/monticola.me\\\/proizvod\\\/bird-print-mug-eagle-owl\\\/\",\"name\":\"\u0160olja - Velika u\u0161ara &#8902; Monticola\",\"isPartOf\":{\"@id\":\"https:\\\/\\\/monticola.me\\\/#website\"},\"primaryImageOfPage\":{\"@id\":\"https:\\\/\\\/monticola.me\\\/proizvod\\\/bird-print-mug-eagle-owl\\\/#primaryimage\"},\"image\":{\"@id\":\"https:\\\/\\\/monticola.me\\\/proizvod\\\/bird-print-mug-eagle-owl\\\/#primaryimage\"},\"thumbnailUrl\":\"https:\\\/\\\/monticola.me\\\/wp-content\\\/uploads\\\/2020\\\/03\\\/Untitled-1.jpg\",\"datePublished\":\"2020-12-16T06:30:49+00:00\",\"dateModified\":\"2025-02-06T22:52:53+00:00\",\"breadcrumb\":{\"@id\":\"https:\\\/\\\/monticola.me\\\/proizvod\\\/bird-print-mug-eagle-owl\\\/#breadcrumb\"},\"inLanguage\":\"me-ME\",\"potentialAction\":[{\"@type\":\"ReadAction\",\"target\":[\"https:\\\/\\\/monticola.me\\\/proizvod\\\/bird-print-mug-eagle-owl\\\/\"]}]},{\"@type\":\"ImageObject\",\"inLanguage\":\"me-ME\",\"@id\":\"https:\\\/\\\/monticola.me\\\/proizvod\\\/bird-print-mug-eagle-owl\\\/#primaryimage\",\"url\":\"https:\\\/\\\/monticola.me\\\/wp-content\\\/uploads\\\/2020\\\/03\\\/Untitled-1.jpg\",\"contentUrl\":\"https:\\\/\\\/monticola.me\\\/wp-content\\\/uploads\\\/2020\\\/03\\\/Untitled-1.jpg\",\"width\":2000,\"height\":1219},{\"@type\":\"BreadcrumbList\",\"@id\":\"https:\\\/\\\/monticola.me\\\/proizvod\\\/bird-print-mug-eagle-owl\\\/#breadcrumb\",\"itemListElement\":[{\"@type\":\"ListItem\",\"position\":1,\"name\":\"Home\",\"item\":\"https:\\\/\\\/monticola.me\\\/me\\\/\"},{\"@type\":\"ListItem\",\"position\":2,\"name\":\"Shop\",\"item\":\"https:\\\/\\\/monticola.me\\\/me\\\/prodavnica\\\/\"},{\"@type\":\"ListItem\",\"position\":3,\"name\":\"\u0160olja &#8211; Velika u\u0161ara\"}]},{\"@type\":\"WebSite\",\"@id\":\"https:\\\/\\\/monticola.me\\\/#website\",\"url\":\"https:\\\/\\\/monticola.me\\\/\",\"name\":\"Monticola\",\"description\":\"Bird-watching &amp; Ecotourism in Montenegro\",\"publisher\":{\"@id\":\"https:\\\/\\\/monticola.me\\\/#organization\"},\"potentialAction\":[{\"@type\":\"SearchAction\",\"target\":{\"@type\":\"EntryPoint\",\"urlTemplate\":\"https:\\\/\\\/monticola.me\\\/?s={search_term_string}\"},\"query-input\":{\"@type\":\"PropertyValueSpecification\",\"valueRequired\":true,\"valueName\":\"search_term_string\"}}],\"inLanguage\":\"me-ME\"},{\"@type\":\"Organization\",\"@id\":\"https:\\\/\\\/monticola.me\\\/#organization\",\"name\":\"Monticola\",\"url\":\"https:\\\/\\\/monticola.me\\\/\",\"logo\":{\"@type\":\"ImageObject\",\"inLanguage\":\"me-ME\",\"@id\":\"https:\\\/\\\/monticola.me\\\/#\\\/schema\\\/logo\\\/image\\\/\",\"url\":\"https:\\\/\\\/monticola.me\\\/wp-content\\\/uploads\\\/2018\\\/09\\\/logo-original.png\",\"contentUrl\":\"https:\\\/\\\/monticola.me\\\/wp-content\\\/uploads\\\/2018\\\/09\\\/logo-original.png\",\"width\":301,\"height\":96,\"caption\":\"Monticola\"},\"image\":{\"@id\":\"https:\\\/\\\/monticola.me\\\/#\\\/schema\\\/logo\\\/image\\\/\"},\"sameAs\":[\"https:\\\/\\\/www.facebook.com\\\/monticola.me\"]}]}<\/script>\n<!-- \/ Yoast SEO plugin. -->","yoast_head_json":{"title":"\u0160olja - Velika u\u0161ara &#8902; Monticola","robots":{"index":"index","follow":"follow","max-snippet":"max-snippet:-1","max-image-preview":"max-image-preview:large","max-video-preview":"max-video-preview:-1"},"canonical":"https:\/\/monticola.me\/proizvod\/bird-print-mug-eagle-owl\/","og_locale":"en_US","og_type":"article","og_title":"\u0160olja - Velika u\u0161ara &#8902; Monticola","og_description":"\u0160olja za \u010daj\/kafu","og_url":"https:\/\/monticola.me\/proizvod\/bird-print-mug-eagle-owl\/","og_site_name":"Monticola","article_publisher":"https:\/\/www.facebook.com\/monticola.me","article_modified_time":"2025-02-06T22:52:53+00:00","og_image":[{"width":2000,"height":1219,"url":"https:\/\/monticola.me\/wp-content\/uploads\/2020\/03\/Untitled-1.jpg","type":"image\/jpeg"}],"twitter_card":"summary_large_image","schema":{"@context":"https:\/\/schema.org","@graph":[{"@type":"WebPage","@id":"https:\/\/monticola.me\/proizvod\/bird-print-mug-eagle-owl\/","url":"https:\/\/monticola.me\/proizvod\/bird-print-mug-eagle-owl\/","name":"\u0160olja - Velika u\u0161ara &#8902; Monticola","isPartOf":{"@id":"https:\/\/monticola.me\/#website"},"primaryImageOfPage":{"@id":"https:\/\/monticola.me\/proizvod\/bird-print-mug-eagle-owl\/#primaryimage"},"image":{"@id":"https:\/\/monticola.me\/proizvod\/bird-print-mug-eagle-owl\/#primaryimage"},"thumbnailUrl":"https:\/\/monticola.me\/wp-content\/uploads\/2020\/03\/Untitled-1.jpg","datePublished":"2020-12-16T06:30:49+00:00","dateModified":"2025-02-06T22:52:53+00:00","breadcrumb":{"@id":"https:\/\/monticola.me\/proizvod\/bird-print-mug-eagle-owl\/#breadcrumb"},"inLanguage":"me-ME","potentialAction":[{"@type":"ReadAction","target":["https:\/\/monticola.me\/proizvod\/bird-print-mug-eagle-owl\/"]}]},{"@type":"ImageObject","inLanguage":"me-ME","@id":"https:\/\/monticola.me\/proizvod\/bird-print-mug-eagle-owl\/#primaryimage","url":"https:\/\/monticola.me\/wp-content\/uploads\/2020\/03\/Untitled-1.jpg","contentUrl":"https:\/\/monticola.me\/wp-content\/uploads\/2020\/03\/Untitled-1.jpg","width":2000,"height":1219},{"@type":"BreadcrumbList","@id":"https:\/\/monticola.me\/proizvod\/bird-print-mug-eagle-owl\/#breadcrumb","itemListElement":[{"@type":"ListItem","position":1,"name":"Home","item":"https:\/\/monticola.me\/me\/"},{"@type":"ListItem","position":2,"name":"Shop","item":"https:\/\/monticola.me\/me\/prodavnica\/"},{"@type":"ListItem","position":3,"name":"\u0160olja &#8211; Velika u\u0161ara"}]},{"@type":"WebSite","@id":"https:\/\/monticola.me\/#website","url":"https:\/\/monticola.me\/","name":"Monticola","description":"Bird-watching &amp; Ecotourism in Montenegro","publisher":{"@id":"https:\/\/monticola.me\/#organization"},"potentialAction":[{"@type":"SearchAction","target":{"@type":"EntryPoint","urlTemplate":"https:\/\/monticola.me\/?s={search_term_string}"},"query-input":{"@type":"PropertyValueSpecification","valueRequired":true,"valueName":"search_term_string"}}],"inLanguage":"me-ME"},{"@type":"Organization","@id":"https:\/\/monticola.me\/#organization","name":"Monticola","url":"https:\/\/monticola.me\/","logo":{"@type":"ImageObject","inLanguage":"me-ME","@id":"https:\/\/monticola.me\/#\/schema\/logo\/image\/","url":"https:\/\/monticola.me\/wp-content\/uploads\/2018\/09\/logo-original.png","contentUrl":"https:\/\/monticola.me\/wp-content\/uploads\/2018\/09\/logo-original.png","width":301,"height":96,"caption":"Monticola"},"image":{"@id":"https:\/\/monticola.me\/#\/schema\/logo\/image\/"},"sameAs":["https:\/\/www.facebook.com\/monticola.me"]}]}},"_links":{"self":[{"href":"https:\/\/monticola.me\/me\/wp-json\/wp\/v2\/product\/7953","targetHints":{"allow":["GET"]}}],"collection":[{"href":"https:\/\/monticola.me\/me\/wp-json\/wp\/v2\/product"}],"about":[{"href":"https:\/\/monticola.me\/me\/wp-json\/wp\/v2\/types\/product"}],"replies":[{"embeddable":true,"href":"https:\/\/monticola.me\/me\/wp-json\/wp\/v2\/comments?post=7953"}],"wp:featuredmedia":[{"embeddable":true,"href":"https:\/\/monticola.me\/me\/wp-json\/wp\/v2\/media\/7951"}],"wp:attachment":[{"href":"https:\/\/monticola.me\/me\/wp-json\/wp\/v2\/media?parent=7953"}],"wp:term":[{"taxonomy":"product_brand","embeddable":true,"href":"https:\/\/monticola.me\/me\/wp-json\/wp\/v2\/product_brand?post=7953"},{"taxonomy":"product_cat","embeddable":true,"href":"https:\/\/monticola.me\/me\/wp-json\/wp\/v2\/product_cat?post=7953"},{"taxonomy":"product_tag","embeddable":true,"href":"https:\/\/monticola.me\/me\/wp-json\/wp\/v2\/product_tag?post=7953"}],"curies":[{"name":"wp","href":"https:\/\/api.w.org\/{rel}","templated":true}]}}