{"id":8781,"date":"2022-01-14T12:30:16","date_gmt":"2022-01-14T11:30:16","guid":{"rendered":"https:\/\/monticola.me\/?post_type=product&#038;p=8781"},"modified":"2025-02-07T00:10:41","modified_gmt":"2025-02-06T23:10:41","slug":"set-sumska-banda","status":"publish","type":"product","link":"https:\/\/monticola.me\/me\/proizvod\/set-sumska-banda\/","title":{"rendered":"Set \u0160umska Banda"},"content":{"rendered":"<p>Set bed\u017eeva &#8220;\u0160umska Banda&#8221; sadr\u017ei 12 \u0161umskih vrsta ptica: tetrijeb gluhan (<em>Tetrao urogallus<\/em>), zimovka (<em>Pyrrhula pyrrhula<\/em>), dugorepa sjenica (<em>Aegithalos caudatus<\/em>), vatroglavi kralji\u0107 (<em>Regulus ignicapilla<\/em>), crvenda\u0107 (<em>Erithacus rubecula<\/em>), plava sjenica (<em>Cyanistes caeruleus<\/em>),brgljez (<em>Sitta europaea<\/em>), kos (<em>Turdus merula<\/em>), velika sjenica (<em>Parus major<\/em>), veliki djetli\u0107 (<em>Dendrocopos major<\/em>), zelena \u017euna (<em>Picus viridis<\/em>) i planinska sjenica (<em>Poecile montanus<\/em>).<\/p>\n","protected":false},"excerpt":{"rendered":"<p>Set bed\u017eeva &#8220;\u0160umska Banda&#8221; sadr\u017ei 12 \u0161umskih vrsta ptica: tetrijeb gluhan (Tetrao urogallus), zimovka (Pyrrhula pyrrhula), dugorepa sjenica (Aegithalos caudatus), vatroglavi kralji\u0107 (Regulus ignicapilla), crvenda\u0107 (Erithacus rubecula), plava sjenica (Cyanistes caeruleus),brgljez (Sitta europaea), kos (Turdus merula), velika sjenica (Parus major), [&hellip;]<\/p>\n","protected":false},"featured_media":8782,"comment_status":"open","ping_status":"closed","template":"","meta":{"_acf_changed":false},"product_brand":[],"product_cat":[207],"product_tag":[],"class_list":{"0":"post-8781","1":"product","2":"type-product","3":"status-publish","4":"has-post-thumbnail","6":"product_cat-bedzevi","7":"product_shipping_class-morethan100g-me","9":"first","10":"instock","11":"sale","12":"shipping-taxable","13":"purchasable","14":"product-type-simple"},"acf":[],"yoast_head":"<!-- This site is optimized with the Yoast SEO plugin v27.3 - https:\/\/yoast.com\/product\/yoast-seo-wordpress\/ -->\n<title>Set \u0160umska Banda &#8902; Monticola<\/title>\n<meta name=\"robots\" content=\"index, follow, max-snippet:-1, max-image-preview:large, max-video-preview:-1\" \/>\n<link rel=\"canonical\" href=\"https:\/\/monticola.me\/me\/proizvod\/set-sumska-banda\/\" \/>\n<meta property=\"og:locale\" content=\"en_US\" \/>\n<meta property=\"og:type\" content=\"article\" \/>\n<meta property=\"og:title\" content=\"Set \u0160umska Banda &#8902; Monticola\" \/>\n<meta property=\"og:description\" content=\"Set bed\u017eeva &#8220;\u0160umska Banda&#8221; sadr\u017ei 12 \u0161umskih vrsta ptica: tetrijeb gluhan (Tetrao urogallus), zimovka (Pyrrhula pyrrhula), dugorepa sjenica (Aegithalos caudatus), vatroglavi kralji\u0107 (Regulus ignicapilla), crvenda\u0107 (Erithacus rubecula), plava sjenica (Cyanistes caeruleus),brgljez (Sitta europaea), kos (Turdus merula), velika sjenica (Parus major), [&hellip;]\" \/>\n<meta property=\"og:url\" content=\"https:\/\/monticola.me\/me\/proizvod\/set-sumska-banda\/\" \/>\n<meta property=\"og:site_name\" content=\"Monticola\" \/>\n<meta property=\"article:publisher\" content=\"https:\/\/www.facebook.com\/monticola.me\" \/>\n<meta property=\"article:modified_time\" content=\"2025-02-06T23:10:41+00:00\" \/>\n<meta property=\"og:image\" content=\"https:\/\/monticola.me\/wp-content\/uploads\/2022\/01\/Sumska-banda-scaled.jpg\" \/>\n\t<meta property=\"og:image:width\" content=\"2560\" \/>\n\t<meta property=\"og:image:height\" content=\"1707\" \/>\n\t<meta property=\"og:image:type\" content=\"image\/jpeg\" \/>\n<meta name=\"twitter:card\" content=\"summary_large_image\" \/>\n<script type=\"application\/ld+json\" class=\"yoast-schema-graph\">{\"@context\":\"https:\\\/\\\/schema.org\",\"@graph\":[{\"@type\":\"WebPage\",\"@id\":\"https:\\\/\\\/monticola.me\\\/me\\\/proizvod\\\/set-sumska-banda\\\/\",\"url\":\"https:\\\/\\\/monticola.me\\\/me\\\/proizvod\\\/set-sumska-banda\\\/\",\"name\":\"Set \u0160umska Banda &#8902; Monticola\",\"isPartOf\":{\"@id\":\"https:\\\/\\\/monticola.me\\\/#website\"},\"primaryImageOfPage\":{\"@id\":\"https:\\\/\\\/monticola.me\\\/me\\\/proizvod\\\/set-sumska-banda\\\/#primaryimage\"},\"image\":{\"@id\":\"https:\\\/\\\/monticola.me\\\/me\\\/proizvod\\\/set-sumska-banda\\\/#primaryimage\"},\"thumbnailUrl\":\"https:\\\/\\\/monticola.me\\\/wp-content\\\/uploads\\\/2022\\\/01\\\/Sumska-banda-scaled.jpg\",\"datePublished\":\"2022-01-14T11:30:16+00:00\",\"dateModified\":\"2025-02-06T23:10:41+00:00\",\"breadcrumb\":{\"@id\":\"https:\\\/\\\/monticola.me\\\/me\\\/proizvod\\\/set-sumska-banda\\\/#breadcrumb\"},\"inLanguage\":\"me-ME\",\"potentialAction\":[{\"@type\":\"ReadAction\",\"target\":[\"https:\\\/\\\/monticola.me\\\/me\\\/proizvod\\\/set-sumska-banda\\\/\"]}]},{\"@type\":\"ImageObject\",\"inLanguage\":\"me-ME\",\"@id\":\"https:\\\/\\\/monticola.me\\\/me\\\/proizvod\\\/set-sumska-banda\\\/#primaryimage\",\"url\":\"https:\\\/\\\/monticola.me\\\/wp-content\\\/uploads\\\/2022\\\/01\\\/Sumska-banda-scaled.jpg\",\"contentUrl\":\"https:\\\/\\\/monticola.me\\\/wp-content\\\/uploads\\\/2022\\\/01\\\/Sumska-banda-scaled.jpg\",\"width\":2560,\"height\":1707},{\"@type\":\"BreadcrumbList\",\"@id\":\"https:\\\/\\\/monticola.me\\\/me\\\/proizvod\\\/set-sumska-banda\\\/#breadcrumb\",\"itemListElement\":[{\"@type\":\"ListItem\",\"position\":1,\"name\":\"Home\",\"item\":\"https:\\\/\\\/monticola.me\\\/me\\\/\"},{\"@type\":\"ListItem\",\"position\":2,\"name\":\"Shop\",\"item\":\"https:\\\/\\\/monticola.me\\\/me\\\/prodavnica\\\/\"},{\"@type\":\"ListItem\",\"position\":3,\"name\":\"Set \u0160umska Banda\"}]},{\"@type\":\"WebSite\",\"@id\":\"https:\\\/\\\/monticola.me\\\/#website\",\"url\":\"https:\\\/\\\/monticola.me\\\/\",\"name\":\"Monticola\",\"description\":\"Bird-watching &amp; Ecotourism in Montenegro\",\"publisher\":{\"@id\":\"https:\\\/\\\/monticola.me\\\/#organization\"},\"potentialAction\":[{\"@type\":\"SearchAction\",\"target\":{\"@type\":\"EntryPoint\",\"urlTemplate\":\"https:\\\/\\\/monticola.me\\\/?s={search_term_string}\"},\"query-input\":{\"@type\":\"PropertyValueSpecification\",\"valueRequired\":true,\"valueName\":\"search_term_string\"}}],\"inLanguage\":\"me-ME\"},{\"@type\":\"Organization\",\"@id\":\"https:\\\/\\\/monticola.me\\\/#organization\",\"name\":\"Monticola\",\"url\":\"https:\\\/\\\/monticola.me\\\/\",\"logo\":{\"@type\":\"ImageObject\",\"inLanguage\":\"me-ME\",\"@id\":\"https:\\\/\\\/monticola.me\\\/#\\\/schema\\\/logo\\\/image\\\/\",\"url\":\"https:\\\/\\\/monticola.me\\\/wp-content\\\/uploads\\\/2018\\\/09\\\/logo-original.png\",\"contentUrl\":\"https:\\\/\\\/monticola.me\\\/wp-content\\\/uploads\\\/2018\\\/09\\\/logo-original.png\",\"width\":301,\"height\":96,\"caption\":\"Monticola\"},\"image\":{\"@id\":\"https:\\\/\\\/monticola.me\\\/#\\\/schema\\\/logo\\\/image\\\/\"},\"sameAs\":[\"https:\\\/\\\/www.facebook.com\\\/monticola.me\"]}]}<\/script>\n<!-- \/ Yoast SEO plugin. -->","yoast_head_json":{"title":"Set \u0160umska Banda &#8902; Monticola","robots":{"index":"index","follow":"follow","max-snippet":"max-snippet:-1","max-image-preview":"max-image-preview:large","max-video-preview":"max-video-preview:-1"},"canonical":"https:\/\/monticola.me\/me\/proizvod\/set-sumska-banda\/","og_locale":"en_US","og_type":"article","og_title":"Set \u0160umska Banda &#8902; Monticola","og_description":"Set bed\u017eeva &#8220;\u0160umska Banda&#8221; sadr\u017ei 12 \u0161umskih vrsta ptica: tetrijeb gluhan (Tetrao urogallus), zimovka (Pyrrhula pyrrhula), dugorepa sjenica (Aegithalos caudatus), vatroglavi kralji\u0107 (Regulus ignicapilla), crvenda\u0107 (Erithacus rubecula), plava sjenica (Cyanistes caeruleus),brgljez (Sitta europaea), kos (Turdus merula), velika sjenica (Parus major), [&hellip;]","og_url":"https:\/\/monticola.me\/me\/proizvod\/set-sumska-banda\/","og_site_name":"Monticola","article_publisher":"https:\/\/www.facebook.com\/monticola.me","article_modified_time":"2025-02-06T23:10:41+00:00","og_image":[{"width":2560,"height":1707,"url":"https:\/\/monticola.me\/wp-content\/uploads\/2022\/01\/Sumska-banda-scaled.jpg","type":"image\/jpeg"}],"twitter_card":"summary_large_image","schema":{"@context":"https:\/\/schema.org","@graph":[{"@type":"WebPage","@id":"https:\/\/monticola.me\/me\/proizvod\/set-sumska-banda\/","url":"https:\/\/monticola.me\/me\/proizvod\/set-sumska-banda\/","name":"Set \u0160umska Banda &#8902; Monticola","isPartOf":{"@id":"https:\/\/monticola.me\/#website"},"primaryImageOfPage":{"@id":"https:\/\/monticola.me\/me\/proizvod\/set-sumska-banda\/#primaryimage"},"image":{"@id":"https:\/\/monticola.me\/me\/proizvod\/set-sumska-banda\/#primaryimage"},"thumbnailUrl":"https:\/\/monticola.me\/wp-content\/uploads\/2022\/01\/Sumska-banda-scaled.jpg","datePublished":"2022-01-14T11:30:16+00:00","dateModified":"2025-02-06T23:10:41+00:00","breadcrumb":{"@id":"https:\/\/monticola.me\/me\/proizvod\/set-sumska-banda\/#breadcrumb"},"inLanguage":"me-ME","potentialAction":[{"@type":"ReadAction","target":["https:\/\/monticola.me\/me\/proizvod\/set-sumska-banda\/"]}]},{"@type":"ImageObject","inLanguage":"me-ME","@id":"https:\/\/monticola.me\/me\/proizvod\/set-sumska-banda\/#primaryimage","url":"https:\/\/monticola.me\/wp-content\/uploads\/2022\/01\/Sumska-banda-scaled.jpg","contentUrl":"https:\/\/monticola.me\/wp-content\/uploads\/2022\/01\/Sumska-banda-scaled.jpg","width":2560,"height":1707},{"@type":"BreadcrumbList","@id":"https:\/\/monticola.me\/me\/proizvod\/set-sumska-banda\/#breadcrumb","itemListElement":[{"@type":"ListItem","position":1,"name":"Home","item":"https:\/\/monticola.me\/me\/"},{"@type":"ListItem","position":2,"name":"Shop","item":"https:\/\/monticola.me\/me\/prodavnica\/"},{"@type":"ListItem","position":3,"name":"Set \u0160umska Banda"}]},{"@type":"WebSite","@id":"https:\/\/monticola.me\/#website","url":"https:\/\/monticola.me\/","name":"Monticola","description":"Bird-watching &amp; Ecotourism in Montenegro","publisher":{"@id":"https:\/\/monticola.me\/#organization"},"potentialAction":[{"@type":"SearchAction","target":{"@type":"EntryPoint","urlTemplate":"https:\/\/monticola.me\/?s={search_term_string}"},"query-input":{"@type":"PropertyValueSpecification","valueRequired":true,"valueName":"search_term_string"}}],"inLanguage":"me-ME"},{"@type":"Organization","@id":"https:\/\/monticola.me\/#organization","name":"Monticola","url":"https:\/\/monticola.me\/","logo":{"@type":"ImageObject","inLanguage":"me-ME","@id":"https:\/\/monticola.me\/#\/schema\/logo\/image\/","url":"https:\/\/monticola.me\/wp-content\/uploads\/2018\/09\/logo-original.png","contentUrl":"https:\/\/monticola.me\/wp-content\/uploads\/2018\/09\/logo-original.png","width":301,"height":96,"caption":"Monticola"},"image":{"@id":"https:\/\/monticola.me\/#\/schema\/logo\/image\/"},"sameAs":["https:\/\/www.facebook.com\/monticola.me"]}]}},"_links":{"self":[{"href":"https:\/\/monticola.me\/me\/wp-json\/wp\/v2\/product\/8781","targetHints":{"allow":["GET"]}}],"collection":[{"href":"https:\/\/monticola.me\/me\/wp-json\/wp\/v2\/product"}],"about":[{"href":"https:\/\/monticola.me\/me\/wp-json\/wp\/v2\/types\/product"}],"replies":[{"embeddable":true,"href":"https:\/\/monticola.me\/me\/wp-json\/wp\/v2\/comments?post=8781"}],"wp:featuredmedia":[{"embeddable":true,"href":"https:\/\/monticola.me\/me\/wp-json\/wp\/v2\/media\/8782"}],"wp:attachment":[{"href":"https:\/\/monticola.me\/me\/wp-json\/wp\/v2\/media?parent=8781"}],"wp:term":[{"taxonomy":"product_brand","embeddable":true,"href":"https:\/\/monticola.me\/me\/wp-json\/wp\/v2\/product_brand?post=8781"},{"taxonomy":"product_cat","embeddable":true,"href":"https:\/\/monticola.me\/me\/wp-json\/wp\/v2\/product_cat?post=8781"},{"taxonomy":"product_tag","embeddable":true,"href":"https:\/\/monticola.me\/me\/wp-json\/wp\/v2\/product_tag?post=8781"}],"curies":[{"name":"wp","href":"https:\/\/api.w.org\/{rel}","templated":true}]}}