{"id":9467,"date":"2023-03-31T09:51:44","date_gmt":"2023-03-31T07:51:44","guid":{"rendered":"https:\/\/monticola.me\/?post_type=product&#038;p=9467"},"modified":"2025-02-07T00:10:37","modified_gmt":"2025-02-06T23:10:37","slug":"gozdni-moz-brosevi-zvjezdano-nebo","status":"publish","type":"product","link":"https:\/\/monticola.me\/me\/proizvod\/gozdni-moz-brosevi-zvjezdano-nebo\/","title":{"rendered":"GOZDNI MO\u017d &#8211; Bro\u0161evi Zvjezdano Nebo"},"content":{"rendered":"<p>Unikatni, ru\u010dno ra\u0111eni, eko drveni nakit iz Slovenije.<\/p>\n","protected":false},"excerpt":{"rendered":"<p>Unikatni, ru\u010dno ra\u0111eni, eko drveni nakit iz Slovenije.<\/p>\n","protected":false},"featured_media":9368,"comment_status":"closed","ping_status":"closed","template":"","meta":{"_acf_changed":false},"product_brand":[],"product_cat":[177],"product_tag":[],"class_list":{"0":"post-9467","1":"product","2":"type-product","3":"status-publish","4":"has-post-thumbnail","6":"product_cat-nakit","8":"first","9":"instock","10":"shipping-taxable","11":"purchasable","12":"product-type-simple"},"acf":[],"yoast_head":"<!-- This site is optimized with the Yoast SEO plugin v27.3 - https:\/\/yoast.com\/product\/yoast-seo-wordpress\/ -->\n<title>GOZDNI MO\u017d - Bro\u0161evi Zvjezdano Nebo &#8902; Monticola<\/title>\n<meta name=\"robots\" content=\"index, follow, max-snippet:-1, max-image-preview:large, max-video-preview:-1\" \/>\n<link rel=\"canonical\" href=\"https:\/\/monticola.me\/me\/proizvod\/gozdni-moz-brosevi-zvjezdano-nebo\/\" \/>\n<meta property=\"og:locale\" content=\"en_US\" \/>\n<meta property=\"og:type\" content=\"article\" \/>\n<meta property=\"og:title\" content=\"GOZDNI MO\u017d - Bro\u0161evi Zvjezdano Nebo &#8902; Monticola\" \/>\n<meta property=\"og:description\" content=\"Unikatni, ru\u010dno ra\u0111eni, eko drveni nakit iz Slovenije.\" \/>\n<meta property=\"og:url\" content=\"https:\/\/monticola.me\/me\/proizvod\/gozdni-moz-brosevi-zvjezdano-nebo\/\" \/>\n<meta property=\"og:site_name\" content=\"Monticola\" \/>\n<meta property=\"article:publisher\" content=\"https:\/\/www.facebook.com\/monticola.me\" \/>\n<meta property=\"article:modified_time\" content=\"2025-02-06T23:10:37+00:00\" \/>\n<meta property=\"og:image\" content=\"https:\/\/monticola.me\/wp-content\/uploads\/2020\/03\/5.-IMG_0929-NASLOVNA-scaled.jpg\" \/>\n\t<meta property=\"og:image:width\" content=\"2560\" \/>\n\t<meta property=\"og:image:height\" content=\"1707\" \/>\n\t<meta property=\"og:image:type\" content=\"image\/jpeg\" \/>\n<meta name=\"twitter:card\" content=\"summary_large_image\" \/>\n<meta name=\"twitter:label1\" content=\"Est. reading time\" \/>\n\t<meta name=\"twitter:data1\" content=\"1 minute\" \/>\n<script type=\"application\/ld+json\" class=\"yoast-schema-graph\">{\"@context\":\"https:\\\/\\\/schema.org\",\"@graph\":[{\"@type\":\"WebPage\",\"@id\":\"https:\\\/\\\/monticola.me\\\/me\\\/proizvod\\\/gozdni-moz-brosevi-zvjezdano-nebo\\\/\",\"url\":\"https:\\\/\\\/monticola.me\\\/me\\\/proizvod\\\/gozdni-moz-brosevi-zvjezdano-nebo\\\/\",\"name\":\"GOZDNI MO\u017d - Bro\u0161evi Zvjezdano Nebo &#8902; Monticola\",\"isPartOf\":{\"@id\":\"https:\\\/\\\/monticola.me\\\/#website\"},\"primaryImageOfPage\":{\"@id\":\"https:\\\/\\\/monticola.me\\\/me\\\/proizvod\\\/gozdni-moz-brosevi-zvjezdano-nebo\\\/#primaryimage\"},\"image\":{\"@id\":\"https:\\\/\\\/monticola.me\\\/me\\\/proizvod\\\/gozdni-moz-brosevi-zvjezdano-nebo\\\/#primaryimage\"},\"thumbnailUrl\":\"https:\\\/\\\/monticola.me\\\/wp-content\\\/uploads\\\/2020\\\/03\\\/5.-IMG_0929-NASLOVNA-scaled.jpg\",\"datePublished\":\"2023-03-31T07:51:44+00:00\",\"dateModified\":\"2025-02-06T23:10:37+00:00\",\"breadcrumb\":{\"@id\":\"https:\\\/\\\/monticola.me\\\/me\\\/proizvod\\\/gozdni-moz-brosevi-zvjezdano-nebo\\\/#breadcrumb\"},\"inLanguage\":\"me-ME\",\"potentialAction\":[{\"@type\":\"ReadAction\",\"target\":[\"https:\\\/\\\/monticola.me\\\/me\\\/proizvod\\\/gozdni-moz-brosevi-zvjezdano-nebo\\\/\"]}]},{\"@type\":\"ImageObject\",\"inLanguage\":\"me-ME\",\"@id\":\"https:\\\/\\\/monticola.me\\\/me\\\/proizvod\\\/gozdni-moz-brosevi-zvjezdano-nebo\\\/#primaryimage\",\"url\":\"https:\\\/\\\/monticola.me\\\/wp-content\\\/uploads\\\/2020\\\/03\\\/5.-IMG_0929-NASLOVNA-scaled.jpg\",\"contentUrl\":\"https:\\\/\\\/monticola.me\\\/wp-content\\\/uploads\\\/2020\\\/03\\\/5.-IMG_0929-NASLOVNA-scaled.jpg\",\"width\":2560,\"height\":1707},{\"@type\":\"BreadcrumbList\",\"@id\":\"https:\\\/\\\/monticola.me\\\/me\\\/proizvod\\\/gozdni-moz-brosevi-zvjezdano-nebo\\\/#breadcrumb\",\"itemListElement\":[{\"@type\":\"ListItem\",\"position\":1,\"name\":\"Home\",\"item\":\"https:\\\/\\\/monticola.me\\\/me\\\/\"},{\"@type\":\"ListItem\",\"position\":2,\"name\":\"Shop\",\"item\":\"https:\\\/\\\/monticola.me\\\/me\\\/prodavnica\\\/\"},{\"@type\":\"ListItem\",\"position\":3,\"name\":\"GOZDNI MO\u017d &#8211; Bro\u0161evi Zvjezdano Nebo\"}]},{\"@type\":\"WebSite\",\"@id\":\"https:\\\/\\\/monticola.me\\\/#website\",\"url\":\"https:\\\/\\\/monticola.me\\\/\",\"name\":\"Monticola\",\"description\":\"Bird-watching &amp; Ecotourism in Montenegro\",\"publisher\":{\"@id\":\"https:\\\/\\\/monticola.me\\\/#organization\"},\"potentialAction\":[{\"@type\":\"SearchAction\",\"target\":{\"@type\":\"EntryPoint\",\"urlTemplate\":\"https:\\\/\\\/monticola.me\\\/?s={search_term_string}\"},\"query-input\":{\"@type\":\"PropertyValueSpecification\",\"valueRequired\":true,\"valueName\":\"search_term_string\"}}],\"inLanguage\":\"me-ME\"},{\"@type\":\"Organization\",\"@id\":\"https:\\\/\\\/monticola.me\\\/#organization\",\"name\":\"Monticola\",\"url\":\"https:\\\/\\\/monticola.me\\\/\",\"logo\":{\"@type\":\"ImageObject\",\"inLanguage\":\"me-ME\",\"@id\":\"https:\\\/\\\/monticola.me\\\/#\\\/schema\\\/logo\\\/image\\\/\",\"url\":\"https:\\\/\\\/monticola.me\\\/wp-content\\\/uploads\\\/2018\\\/09\\\/logo-original.png\",\"contentUrl\":\"https:\\\/\\\/monticola.me\\\/wp-content\\\/uploads\\\/2018\\\/09\\\/logo-original.png\",\"width\":301,\"height\":96,\"caption\":\"Monticola\"},\"image\":{\"@id\":\"https:\\\/\\\/monticola.me\\\/#\\\/schema\\\/logo\\\/image\\\/\"},\"sameAs\":[\"https:\\\/\\\/www.facebook.com\\\/monticola.me\"]}]}<\/script>\n<!-- \/ Yoast SEO plugin. -->","yoast_head_json":{"title":"GOZDNI MO\u017d - Bro\u0161evi Zvjezdano Nebo &#8902; Monticola","robots":{"index":"index","follow":"follow","max-snippet":"max-snippet:-1","max-image-preview":"max-image-preview:large","max-video-preview":"max-video-preview:-1"},"canonical":"https:\/\/monticola.me\/me\/proizvod\/gozdni-moz-brosevi-zvjezdano-nebo\/","og_locale":"en_US","og_type":"article","og_title":"GOZDNI MO\u017d - Bro\u0161evi Zvjezdano Nebo &#8902; Monticola","og_description":"Unikatni, ru\u010dno ra\u0111eni, eko drveni nakit iz Slovenije.","og_url":"https:\/\/monticola.me\/me\/proizvod\/gozdni-moz-brosevi-zvjezdano-nebo\/","og_site_name":"Monticola","article_publisher":"https:\/\/www.facebook.com\/monticola.me","article_modified_time":"2025-02-06T23:10:37+00:00","og_image":[{"width":2560,"height":1707,"url":"https:\/\/monticola.me\/wp-content\/uploads\/2020\/03\/5.-IMG_0929-NASLOVNA-scaled.jpg","type":"image\/jpeg"}],"twitter_card":"summary_large_image","twitter_misc":{"Est. reading time":"1 minute"},"schema":{"@context":"https:\/\/schema.org","@graph":[{"@type":"WebPage","@id":"https:\/\/monticola.me\/me\/proizvod\/gozdni-moz-brosevi-zvjezdano-nebo\/","url":"https:\/\/monticola.me\/me\/proizvod\/gozdni-moz-brosevi-zvjezdano-nebo\/","name":"GOZDNI MO\u017d - Bro\u0161evi Zvjezdano Nebo &#8902; Monticola","isPartOf":{"@id":"https:\/\/monticola.me\/#website"},"primaryImageOfPage":{"@id":"https:\/\/monticola.me\/me\/proizvod\/gozdni-moz-brosevi-zvjezdano-nebo\/#primaryimage"},"image":{"@id":"https:\/\/monticola.me\/me\/proizvod\/gozdni-moz-brosevi-zvjezdano-nebo\/#primaryimage"},"thumbnailUrl":"https:\/\/monticola.me\/wp-content\/uploads\/2020\/03\/5.-IMG_0929-NASLOVNA-scaled.jpg","datePublished":"2023-03-31T07:51:44+00:00","dateModified":"2025-02-06T23:10:37+00:00","breadcrumb":{"@id":"https:\/\/monticola.me\/me\/proizvod\/gozdni-moz-brosevi-zvjezdano-nebo\/#breadcrumb"},"inLanguage":"me-ME","potentialAction":[{"@type":"ReadAction","target":["https:\/\/monticola.me\/me\/proizvod\/gozdni-moz-brosevi-zvjezdano-nebo\/"]}]},{"@type":"ImageObject","inLanguage":"me-ME","@id":"https:\/\/monticola.me\/me\/proizvod\/gozdni-moz-brosevi-zvjezdano-nebo\/#primaryimage","url":"https:\/\/monticola.me\/wp-content\/uploads\/2020\/03\/5.-IMG_0929-NASLOVNA-scaled.jpg","contentUrl":"https:\/\/monticola.me\/wp-content\/uploads\/2020\/03\/5.-IMG_0929-NASLOVNA-scaled.jpg","width":2560,"height":1707},{"@type":"BreadcrumbList","@id":"https:\/\/monticola.me\/me\/proizvod\/gozdni-moz-brosevi-zvjezdano-nebo\/#breadcrumb","itemListElement":[{"@type":"ListItem","position":1,"name":"Home","item":"https:\/\/monticola.me\/me\/"},{"@type":"ListItem","position":2,"name":"Shop","item":"https:\/\/monticola.me\/me\/prodavnica\/"},{"@type":"ListItem","position":3,"name":"GOZDNI MO\u017d &#8211; Bro\u0161evi Zvjezdano Nebo"}]},{"@type":"WebSite","@id":"https:\/\/monticola.me\/#website","url":"https:\/\/monticola.me\/","name":"Monticola","description":"Bird-watching &amp; Ecotourism in Montenegro","publisher":{"@id":"https:\/\/monticola.me\/#organization"},"potentialAction":[{"@type":"SearchAction","target":{"@type":"EntryPoint","urlTemplate":"https:\/\/monticola.me\/?s={search_term_string}"},"query-input":{"@type":"PropertyValueSpecification","valueRequired":true,"valueName":"search_term_string"}}],"inLanguage":"me-ME"},{"@type":"Organization","@id":"https:\/\/monticola.me\/#organization","name":"Monticola","url":"https:\/\/monticola.me\/","logo":{"@type":"ImageObject","inLanguage":"me-ME","@id":"https:\/\/monticola.me\/#\/schema\/logo\/image\/","url":"https:\/\/monticola.me\/wp-content\/uploads\/2018\/09\/logo-original.png","contentUrl":"https:\/\/monticola.me\/wp-content\/uploads\/2018\/09\/logo-original.png","width":301,"height":96,"caption":"Monticola"},"image":{"@id":"https:\/\/monticola.me\/#\/schema\/logo\/image\/"},"sameAs":["https:\/\/www.facebook.com\/monticola.me"]}]}},"_links":{"self":[{"href":"https:\/\/monticola.me\/me\/wp-json\/wp\/v2\/product\/9467","targetHints":{"allow":["GET"]}}],"collection":[{"href":"https:\/\/monticola.me\/me\/wp-json\/wp\/v2\/product"}],"about":[{"href":"https:\/\/monticola.me\/me\/wp-json\/wp\/v2\/types\/product"}],"replies":[{"embeddable":true,"href":"https:\/\/monticola.me\/me\/wp-json\/wp\/v2\/comments?post=9467"}],"wp:featuredmedia":[{"embeddable":true,"href":"https:\/\/monticola.me\/me\/wp-json\/wp\/v2\/media\/9368"}],"wp:attachment":[{"href":"https:\/\/monticola.me\/me\/wp-json\/wp\/v2\/media?parent=9467"}],"wp:term":[{"taxonomy":"product_brand","embeddable":true,"href":"https:\/\/monticola.me\/me\/wp-json\/wp\/v2\/product_brand?post=9467"},{"taxonomy":"product_cat","embeddable":true,"href":"https:\/\/monticola.me\/me\/wp-json\/wp\/v2\/product_cat?post=9467"},{"taxonomy":"product_tag","embeddable":true,"href":"https:\/\/monticola.me\/me\/wp-json\/wp\/v2\/product_tag?post=9467"}],"curies":[{"name":"wp","href":"https:\/\/api.w.org\/{rel}","templated":true}]}}